{"id":977,"date":"2020-09-17T08:25:54","date_gmt":"2020-09-17T08:25:54","guid":{"rendered":"http:\/\/wpdemo.archiwp.com\/maxbizz\/?page_id=977"},"modified":"2024-07-03T12:50:07","modified_gmt":"2024-07-03T12:50:07","slug":"schuldenfalle","status":"publish","type":"page","link":"https:\/\/schuldnerservice.de\/tr\/schuldenfalle\/","title":{"rendered":"BOR\u00c7 TUZA\u011eINDA"},"content":{"rendered":"<div data-elementor-type=\"wp-page\" data-elementor-id=\"977\" class=\"elementor elementor-977\" data-elementor-post-type=\"page\">\n\t\t\t\t\t\t<section class=\"elementor-section elementor-top-section elementor-element elementor-element-2c774f8 elementor-hidden-tablet elementor-hidden-mobile elementor-section-boxed elementor-section-height-default elementor-section-height-default\" data-id=\"2c774f8\" data-element_type=\"section\">\n\t\t\t\t\t\t<div class=\"elementor-container elementor-column-gap-extended\">\n\t\t\t\t\t<div class=\"elementor-column elementor-col-50 elementor-top-column elementor-element elementor-element-6bc8536\" data-id=\"6bc8536\" data-element_type=\"column\">\n\t\t\t<div class=\"elementor-widget-wrap elementor-element-populated\">\n\t\t\t\t\t\t<div class=\"elementor-element elementor-element-ed430ae elementor-widget elementor-widget-heading\" data-id=\"ed430ae\" data-element_type=\"widget\" data-widget_type=\"heading.default\">\n\t\t\t\t<div class=\"elementor-widget-container\">\n\t\t\t\t\t<h5 class=\"elementor-heading-title elementor-size-default\">Service<\/h5>\t\t\t\t<\/div>\n\t\t\t\t<\/div>\n\t\t\t\t<section class=\"elementor-section elementor-inner-section elementor-element elementor-element-017708c elementor-section-full_width elementor-section-height-default elementor-section-height-default\" data-id=\"017708c\" data-element_type=\"section\">\n\t\t\t\t\t\t<div class=\"elementor-container elementor-column-gap-no\">\n\t\t\t\t\t<div class=\"elementor-column elementor-col-100 elementor-inner-column elementor-element elementor-element-f67d26f\" data-id=\"f67d26f\" data-element_type=\"column\">\n\t\t\t<div class=\"elementor-widget-wrap elementor-element-populated\">\n\t\t\t\t\t\t<div class=\"elementor-element elementor-element-977088c widget-title elementor-widget-divider--view-line elementor-widget elementor-widget-divider\" data-id=\"977088c\" data-element_type=\"widget\" data-widget_type=\"divider.default\">\n\t\t\t\t<div class=\"elementor-widget-container\">\n\t\t\t\t\t\t\t<div class=\"elementor-divider\">\n\t\t\t<span class=\"elementor-divider-separator\">\n\t\t\t\t\t\t<\/span>\n\t\t<\/div>\n\t\t\t\t\t\t<\/div>\n\t\t\t\t<\/div>\n\t\t\t\t\t<\/div>\n\t\t<\/div>\n\t\t\t\t\t<\/div>\n\t\t<\/section>\n\t\t\t\t<div class=\"elementor-element elementor-element-343704f elementor-icon-list--layout-inline elementor-list-item-link-full_width elementor-widget elementor-widget-icon-list\" data-id=\"343704f\" data-element_type=\"widget\" data-widget_type=\"icon-list.default\">\n\t\t\t\t<div class=\"elementor-widget-container\">\n\t\t\t\t\t\t\t<ul class=\"elementor-icon-list-items elementor-inline-items\">\n\t\t\t\t\t\t\t<li class=\"elementor-icon-list-item elementor-inline-item\">\n\t\t\t\t\t\t\t\t\t\t\t<a href=\"http:\/\/schuldnerservice.de\/insolvenzvermeidung\/\">\n\n\t\t\t\t\t\t\t\t\t\t\t<span class=\"elementor-icon-list-text\">\u0130flastan Ka\u00e7\u0131nma<\/span>\n\t\t\t\t\t\t\t\t\t\t\t<\/a>\n\t\t\t\t\t\t\t\t\t<\/li>\n\t\t\t\t\t\t\t\t<li class=\"elementor-icon-list-item elementor-inline-item\">\n\t\t\t\t\t\t\t\t\t\t\t<a href=\"http:\/\/schuldnerservice.de\/verbraucherinsolvenz\/\">\n\n\t\t\t\t\t\t\t\t\t\t\t<span class=\"elementor-icon-list-text\">T\u00fcketici \u0130flas\u0131<\/span>\n\t\t\t\t\t\t\t\t\t\t\t<\/a>\n\t\t\t\t\t\t\t\t\t<\/li>\n\t\t\t\t\t\t\t\t<li class=\"elementor-icon-list-item elementor-inline-item\">\n\t\t\t\t\t\t\t\t\t\t\t<a href=\"http:\/\/schuldnerservice.de\/regelinsolvenz\/\">\n\n\t\t\t\t\t\t\t\t\t\t\t<span class=\"elementor-icon-list-text\">Normal \u0130flas<\/span>\n\t\t\t\t\t\t\t\t\t\t\t<\/a>\n\t\t\t\t\t\t\t\t\t<\/li>\n\t\t\t\t\t\t<\/ul>\n\t\t\t\t\t\t<\/div>\n\t\t\t\t<\/div>\n\t\t\t\t\t<\/div>\n\t\t<\/div>\n\t\t\t\t<div class=\"elementor-column elementor-col-50 elementor-top-column elementor-element elementor-element-904e2fa\" data-id=\"904e2fa\" data-element_type=\"column\">\n\t\t\t<div class=\"elementor-widget-wrap elementor-element-populated\">\n\t\t\t\t\t\t<div class=\"elementor-element elementor-element-3c3d54a elementor-widget elementor-widget-heading\" data-id=\"3c3d54a\" data-element_type=\"widget\" data-widget_type=\"heading.default\">\n\t\t\t\t<div class=\"elementor-widget-container\">\n\t\t\t\t\t<h3 class=\"elementor-heading-title elementor-size-default\">Bor\u00e7 tuza\u011f\u0131nda m\u0131s\u0131n\u0131z?<\/h3>\t\t\t\t<\/div>\n\t\t\t\t<\/div>\n\t\t\t\t<div class=\"elementor-element elementor-element-dec0c01 elementor-widget elementor-widget-text-editor\" data-id=\"dec0c01\" data-element_type=\"widget\" data-widget_type=\"text-editor.default\">\n\t\t\t\t<div class=\"elementor-widget-container\">\n\t\t\t\t\t\t\t\t\t<p>Finansal kontrol\u00fcn\u00fcz\u00fc m\u00fc kaybettiniz? Posta kutunuzu sadece rahats\u0131zl\u0131kla m\u0131 a\u00e7\u0131yorsunuz \u00e7\u00fcnk\u00fc orada \u00f6deme emirleri, tahsilat mektuplar\u0131 ve icra memuru tehditleri mi birikiyor? Bilinmeyen bir alacakl\u0131n\u0131n sizi \u00f6demeye zorlayabilece\u011fi korkusuyla telefona cevap vermekte teredd\u00fct m\u00fc ediyorsunuz? O zaman finansal netlik ve g\u00fcvenli\u011fi yeniden kazanmak i\u00e7in destek alman\u0131n tam zaman\u0131.<\/p>\t\t\t\t\t\t\t\t<\/div>\n\t\t\t\t<\/div>\n\t\t\t\t<section class=\"elementor-section elementor-inner-section elementor-element elementor-element-e91e771 elementor-section-full_width elementor-section-height-default elementor-section-height-default\" data-id=\"e91e771\" data-element_type=\"section\">\n\t\t\t\t\t\t<div class=\"elementor-container elementor-column-gap-extended\">\n\t\t\t\t\t<div class=\"elementor-column elementor-col-50 elementor-inner-column elementor-element elementor-element-122c65b\" data-id=\"122c65b\" data-element_type=\"column\">\n\t\t\t<div class=\"elementor-widget-wrap\">\n\t\t\t\t\t\t\t<\/div>\n\t\t<\/div>\n\t\t\t\t<div class=\"elementor-column elementor-col-50 elementor-inner-column elementor-element elementor-element-e34cba3\" data-id=\"e34cba3\" data-element_type=\"column\">\n\t\t\t<div class=\"elementor-widget-wrap\">\n\t\t\t\t\t\t\t<\/div>\n\t\t<\/div>\n\t\t\t\t\t<\/div>\n\t\t<\/section>\n\t\t\t\t<section class=\"elementor-section elementor-inner-section elementor-element elementor-element-769efdd elementor-section-full_width elementor-section-height-default elementor-section-height-default\" data-id=\"769efdd\" data-element_type=\"section\">\n\t\t\t\t\t\t<div class=\"elementor-container elementor-column-gap-extended\">\n\t\t\t\t\t<div class=\"elementor-column elementor-col-50 elementor-inner-column elementor-element elementor-element-193a3cd\" data-id=\"193a3cd\" data-element_type=\"column\">\n\t\t\t<div class=\"elementor-widget-wrap\">\n\t\t\t\t\t\t\t<\/div>\n\t\t<\/div>\n\t\t\t\t<div class=\"elementor-column elementor-col-50 elementor-inner-column elementor-element elementor-element-8037e91\" data-id=\"8037e91\" data-element_type=\"column\">\n\t\t\t<div class=\"elementor-widget-wrap\">\n\t\t\t\t\t\t\t<\/div>\n\t\t<\/div>\n\t\t\t\t\t<\/div>\n\t\t<\/section>\n\t\t\t\t<div class=\"elementor-element elementor-element-ca435af elementor-widget elementor-widget-text-editor\" data-id=\"ca435af\" data-element_type=\"widget\" data-widget_type=\"text-editor.default\">\n\t\t\t\t<div class=\"elementor-widget-container\">\n\t\t\t\t\t\t\t\t\t<p class=\"whitespace-pre-wrap break-words\">Bu sorunlardan bir veya birka\u00e7\u0131n\u0131 ya\u015f\u0131yorsan\u0131z, harekete ge\u00e7menin tam zaman\u0131. \u00c7\u00fcnk\u00fc ne kadar uzun beklerseniz, bor\u00e7 girdab\u0131ndan kurtulmak o kadar zorla\u015f\u0131r.<\/p><p class=\"whitespace-pre-wrap break-words\">Ama endi\u015felenmeyin: Durumunuz ne kadar umutsuz g\u00f6r\u00fcn\u00fcrse g\u00f6r\u00fcns\u00fcn - \u00e7\u00f6z\u00fcmler var! BISS, deneyimli ve g\u00fcvenilir bir ortak olarak yan\u0131n\u0131zda. Birlikte a\u015f\u0131r\u0131 bor\u00e7lanmadan \u00e7\u0131k\u0131\u015f yolunu bulacak ve size yeni perspektifler sunaca\u011f\u0131z. \u0130lk ad\u0131m, finansal durumunuzun kapsaml\u0131 bir analizidir. B\u00f6ylece netlik kazan\u0131r ve do\u011fru kararlar\u0131 verebilirsiniz. Ard\u0131ndan, bor\u00e7lar\u0131n\u0131z\u0131 ad\u0131m ad\u0131m azaltmak i\u00e7in \u00f6zel bir strateji geli\u015ftiriyoruz - mahkeme d\u0131\u015f\u0131 uzla\u015fmadan ki\u015fisel iflasa kadar.<\/p><p class=\"whitespace-pre-wrap break-words\">BISS yan\u0131n\u0131zdayken zorluklarla art\u0131k yaln\u0131z ba\u015fa \u00e7\u0131kmak zorunda de\u011filsiniz. Uzmanlar\u0131m\u0131z, bor\u00e7suz gelece\u011finize giden yolda size yetkin, anlay\u0131\u015fl\u0131 ve \u00e7\u00f6z\u00fcm odakl\u0131 bir \u015fekilde e\u015flik ediyor.<\/p><p class=\"whitespace-pre-wrap break-words\">Utan\u00e7 ne kadar b\u00fcy\u00fck olursa olsun, bizimle ileti\u015fime ge\u00e7mekten \u00e7ekinmeyin. Size anlay\u0131\u015f, sayg\u0131 ve tam bir gizlilikle yakla\u015f\u0131yoruz. Ne kadar erken harekete ge\u00e7erseniz, o kadar \u00e7abuk rahat bir nefes al\u0131p ileriye bakabilirsiniz.<\/p><p class=\"whitespace-pre-wrap break-words\">\u00dccretsiz ve ba\u011flay\u0131c\u0131 olmayan ilk g\u00f6r\u00fc\u015fmeniz i\u00e7in \u015fimdi randevu al\u0131n. Sizin i\u00e7in buraday\u0131z!<\/p>\t\t\t\t\t\t\t\t<\/div>\n\t\t\t\t<\/div>\n\t\t\t\t<section class=\"elementor-section elementor-inner-section elementor-element elementor-element-ce7cc23 elementor-section-full_width elementor-section-height-default elementor-section-height-default\" data-id=\"ce7cc23\" data-element_type=\"section\" data-settings=\"{&quot;background_background&quot;:&quot;classic&quot;}\">\n\t\t\t\t\t\t<div class=\"elementor-container elementor-column-gap-default\">\n\t\t\t\t\t<div class=\"elementor-column elementor-col-50 elementor-inner-column elementor-element elementor-element-e61a616\" data-id=\"e61a616\" data-element_type=\"column\">\n\t\t\t<div class=\"elementor-widget-wrap elementor-element-populated\">\n\t\t\t\t\t\t<div class=\"elementor-element elementor-element-4c16558 elementor-widget elementor-widget-heading\" data-id=\"4c16558\" data-element_type=\"widget\" data-widget_type=\"heading.default\">\n\t\t\t\t<div class=\"elementor-widget-container\">\n\t\t\t\t\t<h6 class=\"elementor-heading-title elementor-size-default\">RAHAT B\u0130R NEFES ALIN<\/h6>\t\t\t\t<\/div>\n\t\t\t\t<\/div>\n\t\t\t\t<div class=\"elementor-element elementor-element-65dee06 elementor-widget elementor-widget-heading\" data-id=\"65dee06\" data-element_type=\"widget\" data-widget_type=\"heading.default\">\n\t\t\t\t<div class=\"elementor-widget-container\">\n\t\t\t\t\t<h3 class=\"elementor-heading-title elementor-size-default\">BISS S\u0130ZE YARDIMCI OLAB\u0130L\u0130R<\/h3>\t\t\t\t<\/div>\n\t\t\t\t<\/div>\n\t\t\t\t\t<\/div>\n\t\t<\/div>\n\t\t\t\t<div class=\"elementor-column elementor-col-50 elementor-inner-column elementor-element elementor-element-abd3090\" data-id=\"abd3090\" data-element_type=\"column\">\n\t\t\t<div class=\"elementor-widget-wrap\">\n\t\t\t\t\t\t\t<\/div>\n\t\t<\/div>\n\t\t\t\t\t<\/div>\n\t\t<\/section>\n\t\t\t\t\t<\/div>\n\t\t<\/div>\n\t\t\t\t\t<\/div>\n\t\t<\/section>\n\t\t\t\t<section class=\"elementor-section elementor-top-section elementor-element elementor-element-27b86df elementor-hidden-desktop elementor-section-boxed elementor-section-height-default elementor-section-height-default\" data-id=\"27b86df\" data-element_type=\"section\">\n\t\t\t\t\t\t<div class=\"elementor-container elementor-column-gap-extended\">\n\t\t\t\t\t<div class=\"elementor-column elementor-col-100 elementor-top-column elementor-element elementor-element-494d4df\" data-id=\"494d4df\" data-element_type=\"column\">\n\t\t\t<div class=\"elementor-widget-wrap elementor-element-populated\">\n\t\t\t\t\t\t<div class=\"elementor-element elementor-element-66a6170 elementor-widget elementor-widget-heading\" data-id=\"66a6170\" data-element_type=\"widget\" data-widget_type=\"heading.default\">\n\t\t\t\t<div class=\"elementor-widget-container\">\n\t\t\t\t\t<h3 class=\"elementor-heading-title elementor-size-default\">Bor\u00e7 tuza\u011f\u0131nda m\u0131s\u0131n\u0131z?<\/h3>\t\t\t\t<\/div>\n\t\t\t\t<\/div>\n\t\t\t\t<div class=\"elementor-element elementor-element-1e1a237 elementor-widget elementor-widget-text-editor\" data-id=\"1e1a237\" data-element_type=\"widget\" data-widget_type=\"text-editor.default\">\n\t\t\t\t<div class=\"elementor-widget-container\">\n\t\t\t\t\t\t\t\t\t<p>Finansal kontrol\u00fcn\u00fcz\u00fc m\u00fc kaybettiniz? Posta kutunuzu sadece rahats\u0131zl\u0131kla m\u0131 a\u00e7\u0131yorsunuz \u00e7\u00fcnk\u00fc orada \u00f6deme emirleri, tahsilat mektuplar\u0131 ve icra memuru tehditleri mi birikiyor? Bilinmeyen bir alacakl\u0131n\u0131n sizi \u00f6demeye zorlayabilece\u011fi korkusuyla telefona cevap vermekte teredd\u00fct m\u00fc ediyorsunuz? O zaman finansal netlik ve g\u00fcvenli\u011fi yeniden kazanmak i\u00e7in destek alman\u0131n tam zaman\u0131.<\/p>\t\t\t\t\t\t\t\t<\/div>\n\t\t\t\t<\/div>\n\t\t\t\t<section class=\"elementor-section elementor-inner-section elementor-element elementor-element-2d3d577 elementor-section-full_width elementor-section-height-default elementor-section-height-default\" data-id=\"2d3d577\" data-element_type=\"section\">\n\t\t\t\t\t\t<div class=\"elementor-container elementor-column-gap-extended\">\n\t\t\t\t\t<div class=\"elementor-column elementor-col-50 elementor-inner-column elementor-element elementor-element-71cb073\" data-id=\"71cb073\" data-element_type=\"column\">\n\t\t\t<div class=\"elementor-widget-wrap\">\n\t\t\t\t\t\t\t<\/div>\n\t\t<\/div>\n\t\t\t\t<div class=\"elementor-column elementor-col-50 elementor-inner-column elementor-element elementor-element-c52bc58\" data-id=\"c52bc58\" data-element_type=\"column\">\n\t\t\t<div class=\"elementor-widget-wrap\">\n\t\t\t\t\t\t\t<\/div>\n\t\t<\/div>\n\t\t\t\t\t<\/div>\n\t\t<\/section>\n\t\t\t\t<section class=\"elementor-section elementor-inner-section elementor-element elementor-element-61b4afb elementor-section-full_width elementor-section-height-default elementor-section-height-default\" data-id=\"61b4afb\" data-element_type=\"section\">\n\t\t\t\t\t\t<div class=\"elementor-container elementor-column-gap-extended\">\n\t\t\t\t\t<div class=\"elementor-column elementor-col-50 elementor-inner-column elementor-element elementor-element-486c640\" data-id=\"486c640\" data-element_type=\"column\">\n\t\t\t<div class=\"elementor-widget-wrap\">\n\t\t\t\t\t\t\t<\/div>\n\t\t<\/div>\n\t\t\t\t<div class=\"elementor-column elementor-col-50 elementor-inner-column elementor-element elementor-element-04a5f87\" data-id=\"04a5f87\" data-element_type=\"column\">\n\t\t\t<div class=\"elementor-widget-wrap\">\n\t\t\t\t\t\t\t<\/div>\n\t\t<\/div>\n\t\t\t\t\t<\/div>\n\t\t<\/section>\n\t\t\t\t<div class=\"elementor-element elementor-element-d1b6246 elementor-widget elementor-widget-text-editor\" data-id=\"d1b6246\" data-element_type=\"widget\" data-widget_type=\"text-editor.default\">\n\t\t\t\t<div class=\"elementor-widget-container\">\n\t\t\t\t\t\t\t\t\t<p class=\"whitespace-pre-wrap break-words\">Bu sorunlardan bir veya birka\u00e7\u0131n\u0131 ya\u015f\u0131yorsan\u0131z, harekete ge\u00e7menin tam zaman\u0131. \u00c7\u00fcnk\u00fc ne kadar uzun beklerseniz, bor\u00e7 girdab\u0131ndan kurtulmak o kadar zorla\u015f\u0131r.<\/p><p class=\"whitespace-pre-wrap break-words\">Ama endi\u015felenmeyin: Durumunuz ne kadar umutsuz g\u00f6r\u00fcn\u00fcrse g\u00f6r\u00fcns\u00fcn - \u00e7\u00f6z\u00fcmler var! BISS, deneyimli ve g\u00fcvenilir bir ortak olarak yan\u0131n\u0131zda. Birlikte a\u015f\u0131r\u0131 bor\u00e7lanmadan \u00e7\u0131k\u0131\u015f yolunu bulacak ve size yeni perspektifler sunaca\u011f\u0131z. \u0130lk ad\u0131m, finansal durumunuzun kapsaml\u0131 bir analizidir. B\u00f6ylece netlik kazan\u0131r ve do\u011fru kararlar\u0131 verebilirsiniz. Ard\u0131ndan, bor\u00e7lar\u0131n\u0131z\u0131 ad\u0131m ad\u0131m azaltmak i\u00e7in \u00f6zel bir strateji geli\u015ftiriyoruz - mahkeme d\u0131\u015f\u0131 uzla\u015fmadan ki\u015fisel iflasa kadar.<\/p><p class=\"whitespace-pre-wrap break-words\">BISS yan\u0131n\u0131zdayken zorluklarla art\u0131k yaln\u0131z ba\u015fa \u00e7\u0131kmak zorunda de\u011filsiniz. Uzmanlar\u0131m\u0131z, bor\u00e7suz gelece\u011finize giden yolda size yetkin, anlay\u0131\u015fl\u0131 ve \u00e7\u00f6z\u00fcm odakl\u0131 bir \u015fekilde e\u015flik ediyor.<\/p><p class=\"whitespace-pre-wrap break-words\">Utan\u00e7 ne kadar b\u00fcy\u00fck olursa olsun, bizimle ileti\u015fime ge\u00e7mekten \u00e7ekinmeyin. Size anlay\u0131\u015f, sayg\u0131 ve tam bir gizlilikle yakla\u015f\u0131yoruz. Ne kadar erken harekete ge\u00e7erseniz, o kadar \u00e7abuk rahat bir nefes al\u0131p ileriye bakabilirsiniz.<\/p><p class=\"whitespace-pre-wrap break-words\">\u00dccretsiz ve ba\u011flay\u0131c\u0131 olmayan ilk g\u00f6r\u00fc\u015fmeniz i\u00e7in \u015fimdi randevu al\u0131n. Sizin i\u00e7in buraday\u0131z!<\/p>\t\t\t\t\t\t\t\t<\/div>\n\t\t\t\t<\/div>\n\t\t\t\t<section class=\"elementor-section elementor-inner-section elementor-element elementor-element-2c6d07d elementor-section-full_width elementor-section-height-default elementor-section-height-default\" data-id=\"2c6d07d\" data-element_type=\"section\" data-settings=\"{&quot;background_background&quot;:&quot;classic&quot;}\">\n\t\t\t\t\t\t<div class=\"elementor-container elementor-column-gap-default\">\n\t\t\t\t\t<div class=\"elementor-column elementor-col-50 elementor-inner-column elementor-element elementor-element-bcac08b\" data-id=\"bcac08b\" data-element_type=\"column\">\n\t\t\t<div class=\"elementor-widget-wrap elementor-element-populated\">\n\t\t\t\t\t\t<div class=\"elementor-element elementor-element-9a9f2be elementor-widget elementor-widget-heading\" data-id=\"9a9f2be\" data-element_type=\"widget\" data-widget_type=\"heading.default\">\n\t\t\t\t<div class=\"elementor-widget-container\">\n\t\t\t\t\t<h6 class=\"elementor-heading-title elementor-size-default\">RAHAT B\u0130R NEFES ALIN<\/h6>\t\t\t\t<\/div>\n\t\t\t\t<\/div>\n\t\t\t\t<div class=\"elementor-element elementor-element-47ec511 elementor-widget elementor-widget-heading\" data-id=\"47ec511\" data-element_type=\"widget\" data-widget_type=\"heading.default\">\n\t\t\t\t<div class=\"elementor-widget-container\">\n\t\t\t\t\t<h3 class=\"elementor-heading-title elementor-size-default\">BISS S\u0130ZE YARDIMCI OLAB\u0130L\u0130R<\/h3>\t\t\t\t<\/div>\n\t\t\t\t<\/div>\n\t\t\t\t\t<\/div>\n\t\t<\/div>\n\t\t\t\t<div class=\"elementor-column elementor-col-50 elementor-inner-column elementor-element elementor-element-cb355b4\" data-id=\"cb355b4\" data-element_type=\"column\">\n\t\t\t<div class=\"elementor-widget-wrap\">\n\t\t\t\t\t\t\t<\/div>\n\t\t<\/div>\n\t\t\t\t\t<\/div>\n\t\t<\/section>\n\t\t\t\t\t<\/div>\n\t\t<\/div>\n\t\t\t\t\t<\/div>\n\t\t<\/section>\n\t\t\t\t<\/div>","protected":false},"excerpt":{"rendered":"<p>Service Insolvenzvermeidung Verbraucherinsolvenz Regelinsolvenz JETZT KOSTENLOSEN TERMIN BUCHEN Stecken Sie in der Schuldenfalle? Haben Sie den \u00dcberblick \u00fcber Ihre Finanzen verloren? \u00d6ffnen Sie Ihren Briefkasten nur noch mit Unbehagen, weil sich dort Mahnbescheide, Inkassobriefe und Drohungen vom Gerichtsvollzieher stapeln? Z\u00f6gern Sie, ans Telefon zu gehen, aus Angst, ein unbekannter Gl\u00e4ubiger k\u00f6nnte Sie zur Zahlung dr\u00e4ngen? [&hellip;]<\/p>\n","protected":false},"author":1,"featured_media":0,"parent":0,"menu_order":0,"comment_status":"closed","ping_status":"closed","template":"","meta":{"footnotes":""},"class_list":["post-977","page","type-page","status-publish","hentry"],"_links":{"self":[{"href":"https:\/\/schuldnerservice.de\/tr\/wp-json\/wp\/v2\/pages\/977","targetHints":{"allow":["GET"]}}],"collection":[{"href":"https:\/\/schuldnerservice.de\/tr\/wp-json\/wp\/v2\/pages"}],"about":[{"href":"https:\/\/schuldnerservice.de\/tr\/wp-json\/wp\/v2\/types\/page"}],"author":[{"embeddable":true,"href":"https:\/\/schuldnerservice.de\/tr\/wp-json\/wp\/v2\/users\/1"}],"replies":[{"embeddable":true,"href":"https:\/\/schuldnerservice.de\/tr\/wp-json\/wp\/v2\/comments?post=977"}],"version-history":[{"count":86,"href":"https:\/\/schuldnerservice.de\/tr\/wp-json\/wp\/v2\/pages\/977\/revisions"}],"predecessor-version":[{"id":3928,"href":"https:\/\/schuldnerservice.de\/tr\/wp-json\/wp\/v2\/pages\/977\/revisions\/3928"}],"wp:attachment":[{"href":"https:\/\/schuldnerservice.de\/tr\/wp-json\/wp\/v2\/media?parent=977"}],"curies":[{"name":"wp","href":"https:\/\/api.w.org\/{rel}","templated":true}]}}