{"id":566,"date":"2020-09-08T09:22:44","date_gmt":"2020-09-08T09:22:44","guid":{"rendered":"http:\/\/wpdemo.archiwp.com\/maxbizz\/?page_id=566"},"modified":"2024-06-27T15:12:21","modified_gmt":"2024-06-27T15:12:21","slug":"faq","status":"publish","type":"page","link":"https:\/\/schuldnerservice.de\/tr\/faq\/","title":{"rendered":"FAQ"},"content":{"rendered":"<div data-elementor-type=\"wp-page\" data-elementor-id=\"566\" class=\"elementor elementor-566\" data-elementor-post-type=\"page\">\n\t\t\t\t\t\t<section class=\"elementor-section elementor-top-section elementor-element elementor-element-1fad6c2 elementor-section-boxed elementor-section-height-default elementor-section-height-default\" data-id=\"1fad6c2\" data-element_type=\"section\">\n\t\t\t\t\t\t<div class=\"elementor-container elementor-column-gap-default\">\n\t\t\t\t\t<div class=\"elementor-column elementor-col-100 elementor-top-column elementor-element elementor-element-cfef8fb\" data-id=\"cfef8fb\" data-element_type=\"column\">\n\t\t\t<div class=\"elementor-widget-wrap elementor-element-populated\">\n\t\t\t\t\t\t<section class=\"elementor-section elementor-inner-section elementor-element elementor-element-b29ca39 elementor-section-full_width elementor-section-height-default elementor-section-height-default\" data-id=\"b29ca39\" data-element_type=\"section\">\n\t\t\t\t\t\t<div class=\"elementor-container elementor-column-gap-default\">\n\t\t\t\t\t<div class=\"elementor-column elementor-col-100 elementor-inner-column elementor-element elementor-element-ba86566\" data-id=\"ba86566\" data-element_type=\"column\">\n\t\t\t<div class=\"elementor-widget-wrap elementor-element-populated\">\n\t\t\t\t\t\t<div class=\"elementor-element elementor-element-f714140 elementor-widget elementor-widget-text-editor\" data-id=\"f714140\" data-element_type=\"widget\" data-widget_type=\"text-editor.default\">\n\t\t\t\t<div class=\"elementor-widget-container\">\n\t\t\t\t\t\t\t\t\t<p>Bei BISS helfen wir Ihnen, Ihre finanzielle Situation aus einem neuen Blickwinkel zu betrachten, M\u00f6glichkeiten zu entdecken, die Sie vielleicht nie f\u00fcr m\u00f6glich gehalten h\u00e4tten und Ergebnisse zu erzielen, die eine Br\u00fccke schlagen zwischen Ihrer aktuellen Lage und einer schuldenfreien Zukunft.<\/p>\t\t\t\t\t\t\t\t<\/div>\n\t\t\t\t<\/div>\n\t\t\t\t\t<\/div>\n\t\t<\/div>\n\t\t\t\t\t<\/div>\n\t\t<\/section>\n\t\t<div class=\"elementor-element elementor-element-6c997d9 e-flex e-con-boxed e-con e-parent\" data-id=\"6c997d9\" data-element_type=\"container\">\n\t\t\t\t\t<div class=\"e-con-inner\">\n\t\t\t\t\t<\/div>\n\t\t\t\t<\/div>\n\t\t\t\t<section class=\"elementor-section elementor-inner-section elementor-element elementor-element-0e107ea elementor-section-full_width elementor-section-height-default elementor-section-height-default\" data-id=\"0e107ea\" data-element_type=\"section\">\n\t\t\t\t\t\t<div class=\"elementor-container elementor-column-gap-extended\">\n\t\t\t\t\t<div class=\"elementor-column elementor-col-100 elementor-inner-column elementor-element elementor-element-531351e\" data-id=\"531351e\" data-element_type=\"column\">\n\t\t\t<div class=\"elementor-widget-wrap\">\n\t\t\t\t\t\t\t<\/div>\n\t\t<\/div>\n\t\t\t\t\t<\/div>\n\t\t<\/section>\n\t\t\t\t\t<\/div>\n\t\t<\/div>\n\t\t\t\t\t<\/div>\n\t\t<\/section>\n\t\t\t\t<section class=\"elementor-section elementor-inner-section elementor-element elementor-element-b014c1f elementor-section-boxed elementor-section-height-default elementor-section-height-default\" data-id=\"b014c1f\" data-element_type=\"section\" data-settings=\"{&quot;background_background&quot;:&quot;classic&quot;}\">\n\t\t\t\t\t\t<div class=\"elementor-container elementor-column-gap-default\">\n\t\t\t\t\t<div class=\"elementor-column elementor-col-50 elementor-inner-column elementor-element elementor-element-3e3e721e\" data-id=\"3e3e721e\" data-element_type=\"column\">\n\t\t\t<div class=\"elementor-widget-wrap elementor-element-populated\">\n\t\t\t\t\t\t<div class=\"elementor-element elementor-element-555bd0db elementor-widget elementor-widget-heading\" data-id=\"555bd0db\" data-element_type=\"widget\" data-widget_type=\"heading.default\">\n\t\t\t\t<div class=\"elementor-widget-container\">\n\t\t\t\t\t<h6 class=\"elementor-heading-title elementor-size-default\">RAHAT B\u0130R NEFES ALIN<\/h6>\t\t\t\t<\/div>\n\t\t\t\t<\/div>\n\t\t\t\t<div class=\"elementor-element elementor-element-2f43ff80 elementor-widget elementor-widget-heading\" data-id=\"2f43ff80\" data-element_type=\"widget\" data-widget_type=\"heading.default\">\n\t\t\t\t<div class=\"elementor-widget-container\">\n\t\t\t\t\t<h3 class=\"elementor-heading-title elementor-size-default\">BISS S\u0130ZE YARDIMCI OLAB\u0130L\u0130R<\/h3>\t\t\t\t<\/div>\n\t\t\t\t<\/div>\n\t\t\t\t\t<\/div>\n\t\t<\/div>\n\t\t\t\t<div class=\"elementor-column elementor-col-50 elementor-inner-column elementor-element elementor-element-123ebdcd\" data-id=\"123ebdcd\" data-element_type=\"column\">\n\t\t\t<div class=\"elementor-widget-wrap\">\n\t\t\t\t\t\t\t<\/div>\n\t\t<\/div>\n\t\t\t\t\t<\/div>\n\t\t<\/section>\n\t\t\t\t<\/div>","protected":false},"excerpt":{"rendered":"<p>faqs H\u00e4ufig gestellte Fragen Bei BISS helfen wir Ihnen, Ihre finanzielle Situation aus einem neuen Blickwinkel zu betrachten, M\u00f6glichkeiten zu entdecken, die Sie vielleicht nie f\u00fcr m\u00f6glich gehalten h\u00e4tten und Ergebnisse zu erzielen, die eine Br\u00fccke schlagen zwischen Ihrer aktuellen Lage und einer schuldenfreien Zukunft. Was bringt mir eine Schuldnerberatung bei BISS? Unser oberstes Ziel [&hellip;]<\/p>","protected":false},"author":1,"featured_media":0,"parent":0,"menu_order":0,"comment_status":"closed","ping_status":"closed","template":"","meta":{"footnotes":""},"class_list":["post-566","page","type-page","status-publish","hentry"],"_links":{"self":[{"href":"https:\/\/schuldnerservice.de\/tr\/wp-json\/wp\/v2\/pages\/566","targetHints":{"allow":["GET"]}}],"collection":[{"href":"https:\/\/schuldnerservice.de\/tr\/wp-json\/wp\/v2\/pages"}],"about":[{"href":"https:\/\/schuldnerservice.de\/tr\/wp-json\/wp\/v2\/types\/page"}],"author":[{"embeddable":true,"href":"https:\/\/schuldnerservice.de\/tr\/wp-json\/wp\/v2\/users\/1"}],"replies":[{"embeddable":true,"href":"https:\/\/schuldnerservice.de\/tr\/wp-json\/wp\/v2\/comments?post=566"}],"version-history":[{"count":31,"href":"https:\/\/schuldnerservice.de\/tr\/wp-json\/wp\/v2\/pages\/566\/revisions"}],"predecessor-version":[{"id":3824,"href":"https:\/\/schuldnerservice.de\/tr\/wp-json\/wp\/v2\/pages\/566\/revisions\/3824"}],"wp:attachment":[{"href":"https:\/\/schuldnerservice.de\/tr\/wp-json\/wp\/v2\/media?parent=566"}],"curies":[{"name":"wp","href":"https:\/\/api.w.org\/{rel}","templated":true}]}}