{"id":3641,"date":"2024-06-21T14:43:01","date_gmt":"2024-06-21T14:43:01","guid":{"rendered":"http:\/\/schuldnerservice.de\/?page_id=3641"},"modified":"2024-06-28T21:25:31","modified_gmt":"2024-06-28T21:25:31","slug":"hallo","status":"publish","type":"page","link":"https:\/\/schuldnerservice.de\/tr\/hallo\/","title":{"rendered":"HALLO"},"content":{"rendered":"<div data-elementor-type=\"wp-page\" data-elementor-id=\"3641\" class=\"elementor elementor-3641\" data-elementor-post-type=\"page\">\n\t\t\t\t<div class=\"elementor-element elementor-element-ad4922f elementor-hidden-tablet elementor-hidden-mobile e-flex e-con-boxed e-con e-parent\" data-id=\"ad4922f\" data-element_type=\"container\" data-settings=\"{&quot;background_background&quot;:&quot;classic&quot;}\">\n\t\t\t\t\t<div class=\"e-con-inner\">\n\t\t<div class=\"elementor-element elementor-element-3eff5ea e-con-full e-flex e-con e-child\" data-id=\"3eff5ea\" data-element_type=\"container\" data-settings=\"{&quot;background_background&quot;:&quot;classic&quot;}\">\n\t\t\t\t<div class=\"elementor-element elementor-element-0949c7b elementor-widget elementor-widget-text-editor\" data-id=\"0949c7b\" data-element_type=\"widget\" data-widget_type=\"text-editor.default\">\n\t\t\t\t<div class=\"elementor-widget-container\">\n\t\t\t\t\t\t\t\t\t<p class=\"whitespace-pre-wrap break-words\"><strong>\u00d6nemli Not<\/strong><\/p><p class=\"whitespace-pre-wrap break-words\">L\u00fctfen bu formu dikkatli ve do\u011fru bir \u015fekilde doldurun. Verdi\u011finiz bilgilerin kalitesi ve eksiksizli\u011fi, durumunuzun do\u011fru analizi ve en iyi \u00e7\u00f6z\u00fcm stratejisinin geli\u015ftirilmesi i\u00e7in \u00e7ok \u00f6nemlidir. Eksik veya hatal\u0131 bilgiler, talebinizin gecikmeli veya yetersiz i\u015flenmesine neden olabilir.<\/p><p class=\"whitespace-pre-wrap break-words\">Sa\u011flad\u0131\u011f\u0131n\u0131z bilgiler yaln\u0131zca durumunuzdaki sonraki ad\u0131mlar\u0131 tart\u0131\u015fmak i\u00e7in i\u00e7 analizimizde kullan\u0131lacakt\u0131r. Verileriniz gizli tutulacak ve \u00fc\u00e7\u00fcnc\u00fc taraflarla payla\u015f\u0131lmayacakt\u0131r.<\/p><p class=\"whitespace-pre-wrap break-words\">L\u00fctfen unutmay\u0131n: Sizin i\u00e7in en iyi sonucu ancak do\u011fru ve eksiksiz verilerle elde edebiliriz. Bilgilerin do\u011frulu\u011fundan siz sorumlusunuz. Bu nedenle, l\u00fctfen t\u00fcm alanlar\u0131 \u00f6zenle doldurmak i\u00e7in zaman ay\u0131r\u0131n.<\/p><p class=\"whitespace-pre-wrap break-words\">Doldururken herhangi bir sorunuz olursa, bizimle ileti\u015fime ge\u00e7mekten \u00e7ekinmeyin. Durumunuzun etkili bir \u015fekilde i\u015flenmesi i\u00e7in gerekli t\u00fcm bilgileri ald\u0131\u011f\u0131m\u0131zdan emin olmak i\u00e7in size yard\u0131mc\u0131 olmaktan memnuniyet duyar\u0131z.<\/p>\t\t\t\t\t\t\t\t<\/div>\n\t\t\t\t<\/div>\n\t\t\t\t<\/div>\n\t\t<div class=\"elementor-element elementor-element-1a70b57 e-con-full e-flex e-con e-child\" data-id=\"1a70b57\" data-element_type=\"container\" data-settings=\"{&quot;background_background&quot;:&quot;classic&quot;}\">\n\t\t\t\t<\/div>\n\t\t\t\t\t<\/div>\n\t\t\t\t<\/div>\n\t\t<div class=\"elementor-element elementor-element-20f5381 elementor-hidden-desktop elementor-hidden-mobile e-flex e-con-boxed e-con e-parent\" data-id=\"20f5381\" data-element_type=\"container\" data-settings=\"{&quot;background_background&quot;:&quot;classic&quot;}\">\n\t\t\t\t\t<div class=\"e-con-inner\">\n\t\t<div class=\"elementor-element elementor-element-4ae0431 e-con-full e-flex e-con e-child\" data-id=\"4ae0431\" data-element_type=\"container\" data-settings=\"{&quot;background_background&quot;:&quot;classic&quot;}\">\n\t\t\t\t<div class=\"elementor-element elementor-element-2d2c5a3 elementor-widget elementor-widget-text-editor\" data-id=\"2d2c5a3\" data-element_type=\"widget\" data-widget_type=\"text-editor.default\">\n\t\t\t\t<div class=\"elementor-widget-container\">\n\t\t\t\t\t\t\t\t\t<p class=\"whitespace-pre-wrap break-words\"><strong>\u00d6nemli Not<\/strong><\/p><p class=\"whitespace-pre-wrap break-words\">L\u00fctfen bu formu dikkatli ve do\u011fru bir \u015fekilde doldurun. Verdi\u011finiz bilgilerin kalitesi ve eksiksizli\u011fi, durumunuzun do\u011fru analizi ve en iyi \u00e7\u00f6z\u00fcm stratejisinin geli\u015ftirilmesi i\u00e7in \u00e7ok \u00f6nemlidir. Eksik veya hatal\u0131 bilgiler, talebinizin gecikmeli veya yetersiz i\u015flenmesine neden olabilir.<\/p><p class=\"whitespace-pre-wrap break-words\">Sa\u011flad\u0131\u011f\u0131n\u0131z bilgiler yaln\u0131zca durumunuzdaki sonraki ad\u0131mlar\u0131 tart\u0131\u015fmak i\u00e7in i\u00e7 analizimizde kullan\u0131lacakt\u0131r. Verileriniz gizli tutulacak ve \u00fc\u00e7\u00fcnc\u00fc taraflarla payla\u015f\u0131lmayacakt\u0131r.<\/p><p class=\"whitespace-pre-wrap break-words\">L\u00fctfen unutmay\u0131n: Sizin i\u00e7in en iyi sonucu ancak do\u011fru ve eksiksiz verilerle elde edebiliriz. Bilgilerin do\u011frulu\u011fundan siz sorumlusunuz. Bu nedenle, l\u00fctfen t\u00fcm alanlar\u0131 \u00f6zenle doldurmak i\u00e7in zaman ay\u0131r\u0131n.<\/p><p class=\"whitespace-pre-wrap break-words\">Doldururken herhangi bir sorunuz olursa, bizimle ileti\u015fime ge\u00e7mekten \u00e7ekinmeyin. Durumunuzun etkili bir \u015fekilde i\u015flenmesi i\u00e7in gerekli t\u00fcm bilgileri ald\u0131\u011f\u0131m\u0131zdan emin olmak i\u00e7in size yard\u0131mc\u0131 olmaktan memnuniyet duyar\u0131z.<\/p>\t\t\t\t\t\t\t\t<\/div>\n\t\t\t\t<\/div>\n\t\t\t\t<\/div>\n\t\t<div class=\"elementor-element elementor-element-7379597 e-con-full e-flex e-con e-child\" data-id=\"7379597\" data-element_type=\"container\" data-settings=\"{&quot;background_background&quot;:&quot;classic&quot;}\">\n\t\t\t\t<\/div>\n\t\t\t\t\t<\/div>\n\t\t\t\t<\/div>\n\t\t<div class=\"elementor-element elementor-element-a782654 elementor-hidden-desktop elementor-hidden-tablet e-flex e-con-boxed e-con e-parent\" data-id=\"a782654\" data-element_type=\"container\" data-settings=\"{&quot;background_background&quot;:&quot;classic&quot;}\">\n\t\t\t\t\t<div class=\"e-con-inner\">\n\t\t<div class=\"elementor-element elementor-element-dc2a7bf e-con-full e-flex e-con e-child\" data-id=\"dc2a7bf\" data-element_type=\"container\" data-settings=\"{&quot;background_background&quot;:&quot;classic&quot;}\">\n\t\t\t\t<div class=\"elementor-element elementor-element-d4f7289 elementor-widget elementor-widget-text-editor\" data-id=\"d4f7289\" data-element_type=\"widget\" data-widget_type=\"text-editor.default\">\n\t\t\t\t<div class=\"elementor-widget-container\">\n\t\t\t\t\t\t\t\t\t<p class=\"whitespace-pre-wrap break-words\"><strong>\u00d6nemli Not<\/strong><\/p><p class=\"whitespace-pre-wrap break-words\">L\u00fctfen bu formu dikkatli ve do\u011fru bir \u015fekilde doldurun. Verdi\u011finiz bilgilerin kalitesi ve eksiksizli\u011fi, durumunuzun do\u011fru analizi ve en iyi \u00e7\u00f6z\u00fcm stratejisinin geli\u015ftirilmesi i\u00e7in \u00e7ok \u00f6nemlidir. Eksik veya hatal\u0131 bilgiler, talebinizin gecikmeli veya yetersiz i\u015flenmesine neden olabilir.<\/p><p class=\"whitespace-pre-wrap break-words\">Sa\u011flad\u0131\u011f\u0131n\u0131z bilgiler yaln\u0131zca durumunuzdaki sonraki ad\u0131mlar\u0131 tart\u0131\u015fmak i\u00e7in i\u00e7 analizimizde kullan\u0131lacakt\u0131r. Verileriniz gizli tutulacak ve \u00fc\u00e7\u00fcnc\u00fc taraflarla payla\u015f\u0131lmayacakt\u0131r.<\/p><p class=\"whitespace-pre-wrap break-words\">L\u00fctfen unutmay\u0131n: Sizin i\u00e7in en iyi sonucu ancak do\u011fru ve eksiksiz verilerle elde edebiliriz. Bilgilerin do\u011frulu\u011fundan siz sorumlusunuz. Bu nedenle, l\u00fctfen t\u00fcm alanlar\u0131 \u00f6zenle doldurmak i\u00e7in zaman ay\u0131r\u0131n.<\/p><p class=\"whitespace-pre-wrap break-words\">Doldururken herhangi bir sorunuz olursa, bizimle ileti\u015fime ge\u00e7mekten \u00e7ekinmeyin. Durumunuzun etkili bir \u015fekilde i\u015flenmesi i\u00e7in gerekli t\u00fcm bilgileri ald\u0131\u011f\u0131m\u0131zdan emin olmak i\u00e7in size yard\u0131mc\u0131 olmaktan memnuniyet duyar\u0131z.<\/p>\t\t\t\t\t\t\t\t<\/div>\n\t\t\t\t<\/div>\n\t\t\t\t<\/div>\n\t\t<div class=\"elementor-element elementor-element-f8af6e1 e-con-full e-flex e-con e-child\" data-id=\"f8af6e1\" data-element_type=\"container\" data-settings=\"{&quot;background_background&quot;:&quot;classic&quot;}\">\n\t\t\t\t<\/div>\n\t\t\t\t\t<\/div>\n\t\t\t\t<\/div>\n\t\t\t\t<\/div>","protected":false},"excerpt":{"rendered":"<p>Wichtiger Hinweis Bitte f\u00fcllen Sie dieses Formular sorgf\u00e4ltig und wahrheitsgem\u00e4\u00df aus. Die Qualit\u00e4t und Vollst\u00e4ndigkeit Ihrer Angaben sind entscheidend f\u00fcr eine akkurate Analyse Ihrer Situation und die Entwicklung der bestm\u00f6glichen L\u00f6sungsstrategie. Unvollst\u00e4ndige oder fehlerhafte Angaben k\u00f6nnen zu einer verz\u00f6gerten oder unzureichenden Bearbeitung Ihres Anliegens f\u00fchren. Die von Ihnen bereitgestellten Informationen werden ausschlie\u00dflich f\u00fcr unsere interne [&hellip;]<\/p>","protected":false},"author":1,"featured_media":0,"parent":0,"menu_order":0,"comment_status":"closed","ping_status":"closed","template":"","meta":{"footnotes":""},"class_list":["post-3641","page","type-page","status-publish","hentry"],"_links":{"self":[{"href":"https:\/\/schuldnerservice.de\/tr\/wp-json\/wp\/v2\/pages\/3641","targetHints":{"allow":["GET"]}}],"collection":[{"href":"https:\/\/schuldnerservice.de\/tr\/wp-json\/wp\/v2\/pages"}],"about":[{"href":"https:\/\/schuldnerservice.de\/tr\/wp-json\/wp\/v2\/types\/page"}],"author":[{"embeddable":true,"href":"https:\/\/schuldnerservice.de\/tr\/wp-json\/wp\/v2\/users\/1"}],"replies":[{"embeddable":true,"href":"https:\/\/schuldnerservice.de\/tr\/wp-json\/wp\/v2\/comments?post=3641"}],"version-history":[{"count":35,"href":"https:\/\/schuldnerservice.de\/tr\/wp-json\/wp\/v2\/pages\/3641\/revisions"}],"predecessor-version":[{"id":3860,"href":"https:\/\/schuldnerservice.de\/tr\/wp-json\/wp\/v2\/pages\/3641\/revisions\/3860"}],"wp:attachment":[{"href":"https:\/\/schuldnerservice.de\/tr\/wp-json\/wp\/v2\/media?parent=3641"}],"curies":[{"name":"wp","href":"https:\/\/api.w.org\/{rel}","templated":true}]}}