{"id":3362,"date":"2024-06-20T10:31:39","date_gmt":"2024-06-20T10:31:39","guid":{"rendered":"http:\/\/schuldnerservice.de\/?page_id=3362"},"modified":"2024-07-03T12:49:41","modified_gmt":"2024-07-03T12:49:41","slug":"wem-helfen-wir","status":"publish","type":"page","link":"https:\/\/schuldnerservice.de\/tr\/wem-helfen-wir\/","title":{"rendered":"K\u0130MLERE YARDIM ED\u0130YORUZ?"},"content":{"rendered":"<div data-elementor-type=\"wp-page\" data-elementor-id=\"3362\" class=\"elementor elementor-3362\" data-elementor-post-type=\"page\">\n\t\t\t\t\t\t<section class=\"elementor-section elementor-top-section elementor-element elementor-element-2c774f8 elementor-hidden-tablet elementor-hidden-mobile elementor-section-boxed elementor-section-height-default elementor-section-height-default\" data-id=\"2c774f8\" data-element_type=\"section\">\n\t\t\t\t\t\t<div class=\"elementor-container elementor-column-gap-extended\">\n\t\t\t\t\t<div class=\"elementor-column elementor-col-50 elementor-top-column elementor-element elementor-element-6bc8536\" data-id=\"6bc8536\" data-element_type=\"column\">\n\t\t\t<div class=\"elementor-widget-wrap elementor-element-populated\">\n\t\t\t\t\t\t<div class=\"elementor-element elementor-element-ed430ae elementor-widget elementor-widget-heading\" data-id=\"ed430ae\" data-element_type=\"widget\" data-widget_type=\"heading.default\">\n\t\t\t\t<div class=\"elementor-widget-container\">\n\t\t\t\t\t<h5 class=\"elementor-heading-title elementor-size-default\">Service<\/h5>\t\t\t\t<\/div>\n\t\t\t\t<\/div>\n\t\t\t\t<section class=\"elementor-section elementor-inner-section elementor-element elementor-element-017708c elementor-section-full_width elementor-section-height-default elementor-section-height-default\" data-id=\"017708c\" data-element_type=\"section\">\n\t\t\t\t\t\t<div class=\"elementor-container elementor-column-gap-no\">\n\t\t\t\t\t<div class=\"elementor-column elementor-col-100 elementor-inner-column elementor-element elementor-element-f67d26f\" data-id=\"f67d26f\" data-element_type=\"column\">\n\t\t\t<div class=\"elementor-widget-wrap elementor-element-populated\">\n\t\t\t\t\t\t<div class=\"elementor-element elementor-element-977088c widget-title elementor-widget-divider--view-line elementor-widget elementor-widget-divider\" data-id=\"977088c\" data-element_type=\"widget\" data-widget_type=\"divider.default\">\n\t\t\t\t<div class=\"elementor-widget-container\">\n\t\t\t\t\t\t\t<div class=\"elementor-divider\">\n\t\t\t<span class=\"elementor-divider-separator\">\n\t\t\t\t\t\t<\/span>\n\t\t<\/div>\n\t\t\t\t\t\t<\/div>\n\t\t\t\t<\/div>\n\t\t\t\t\t<\/div>\n\t\t<\/div>\n\t\t\t\t\t<\/div>\n\t\t<\/section>\n\t\t\t\t<div class=\"elementor-element elementor-element-343704f elementor-icon-list--layout-inline elementor-list-item-link-full_width elementor-widget elementor-widget-icon-list\" data-id=\"343704f\" data-element_type=\"widget\" data-widget_type=\"icon-list.default\">\n\t\t\t\t<div class=\"elementor-widget-container\">\n\t\t\t\t\t\t\t<ul class=\"elementor-icon-list-items elementor-inline-items\">\n\t\t\t\t\t\t\t<li class=\"elementor-icon-list-item elementor-inline-item\">\n\t\t\t\t\t\t\t\t\t\t\t<a href=\"http:\/\/schuldnerservice.de\/verbraucherinsolvenz\/\">\n\n\t\t\t\t\t\t\t\t\t\t\t<span class=\"elementor-icon-list-text\">T\u00fcketici \u0130flas\u0131<\/span>\n\t\t\t\t\t\t\t\t\t\t\t<\/a>\n\t\t\t\t\t\t\t\t\t<\/li>\n\t\t\t\t\t\t\t\t<li class=\"elementor-icon-list-item elementor-inline-item\">\n\t\t\t\t\t\t\t\t\t\t\t<a href=\"http:\/\/schuldnerservice.de\/pfaendungsschutzkonto\/\">\n\n\t\t\t\t\t\t\t\t\t\t\t<span class=\"elementor-icon-list-text\">HAC\u0130Z KORUMALI HESAP<\/span>\n\t\t\t\t\t\t\t\t\t\t\t<\/a>\n\t\t\t\t\t\t\t\t\t<\/li>\n\t\t\t\t\t\t\t\t<li class=\"elementor-icon-list-item elementor-inline-item\">\n\t\t\t\t\t\t\t\t\t\t\t<a href=\"http:\/\/schuldnerservice.de\/regelinsolvenz\/\">\n\n\t\t\t\t\t\t\t\t\t\t\t<span class=\"elementor-icon-list-text\">Normal \u0130flas<\/span>\n\t\t\t\t\t\t\t\t\t\t\t<\/a>\n\t\t\t\t\t\t\t\t\t<\/li>\n\t\t\t\t\t\t<\/ul>\n\t\t\t\t\t\t<\/div>\n\t\t\t\t<\/div>\n\t\t\t\t<section class=\"elementor-section elementor-inner-section elementor-element elementor-element-fd9ba74 elementor-section-boxed elementor-section-height-default elementor-section-height-default\" data-id=\"fd9ba74\" data-element_type=\"section\" data-settings=\"{&quot;background_background&quot;:&quot;classic&quot;}\">\n\t\t\t\t\t\t<div class=\"elementor-container elementor-column-gap-no\">\n\t\t\t\t\t<div class=\"elementor-column elementor-col-100 elementor-inner-column elementor-element elementor-element-6f08a73\" data-id=\"6f08a73\" data-element_type=\"column\">\n\t\t\t<div class=\"elementor-widget-wrap elementor-element-populated\">\n\t\t\t\t\t\t<div class=\"elementor-element elementor-element-04464ff elementor-widget elementor-widget-heading\" data-id=\"04464ff\" data-element_type=\"widget\" data-widget_type=\"heading.default\">\n\t\t\t\t<div class=\"elementor-widget-container\">\n\t\t\t\t\t<h5 class=\"elementor-heading-title elementor-size-default\">Biliyor muydunuz ... ?<\/h5>\t\t\t\t<\/div>\n\t\t\t\t<\/div>\n\t\t<div class=\"elementor-element elementor-element-345821f e-con-full e-flex e-con e-parent\" data-id=\"345821f\" data-element_type=\"container\">\n\t\t\t\t<div class=\"elementor-element elementor-element-12c7bf6 elementor-blockquote--skin-clean elementor-blockquote--align-center elementor-blockquote--button-color-official elementor-widget elementor-widget-blockquote\" data-id=\"12c7bf6\" data-element_type=\"widget\" data-widget_type=\"blockquote.default\">\n\t\t\t\t<div class=\"elementor-widget-container\">\n\t\t\t\t\t\t\t<blockquote class=\"elementor-blockquote\">\n\t\t\t<p class=\"elementor-blockquote__content\">\n\t\t\t\tBekarlar i\u00e7in g\u00fcncel haciz muafiyet s\u0131n\u0131r\u0131n\u0131n ayda net 1.499,99 \u20ac oldu\u011funu biliyor muydunuz? Bireysel art\u0131\u015flar m\u00fcmk\u00fcnd\u00fcr. Bu s\u0131n\u0131r\u0131n alt\u0131ndaki geliriniz hacizden korunmaktad\u0131r.\t\t\t<\/p>\n\t\t\t\t\t<\/blockquote>\n\t\t\t\t\t\t<\/div>\n\t\t\t\t<\/div>\n\t\t\t\t<\/div>\n\t\t\t\t\t<\/div>\n\t\t<\/div>\n\t\t\t\t\t<\/div>\n\t\t<\/section>\n\t\t\t\t\t<\/div>\n\t\t<\/div>\n\t\t\t\t<div class=\"elementor-column elementor-col-50 elementor-top-column elementor-element elementor-element-904e2fa\" data-id=\"904e2fa\" data-element_type=\"column\">\n\t\t\t<div class=\"elementor-widget-wrap elementor-element-populated\">\n\t\t\t\t\t\t<div class=\"elementor-element elementor-element-3c3d54a elementor-widget elementor-widget-heading\" data-id=\"3c3d54a\" data-element_type=\"widget\" data-widget_type=\"heading.default\">\n\t\t\t\t<div class=\"elementor-widget-container\">\n\t\t\t\t\t<h3 class=\"elementor-heading-title elementor-size-default\">Finansal zorluklardas\u0131n\u0131z ama iflastan ka\u00e7\u0131nmak m\u0131 istiyorsunuz? <\/h3>\t\t\t\t<\/div>\n\t\t\t\t<\/div>\n\t\t\t\t<div class=\"elementor-element elementor-element-dec0c01 elementor-widget elementor-widget-text-editor\" data-id=\"dec0c01\" data-element_type=\"widget\" data-widget_type=\"text-editor.default\">\n\t\t\t\t<div class=\"elementor-widget-container\">\n\t\t\t\t\t\t\t\t\t<p class=\"whitespace-pre-wrap break-words\">BISS, iflas s\u00fcrecinden ge\u00e7mek zorunda kalmadan bor\u00e7 tuza\u011f\u0131ndan \u00e7\u0131k\u0131\u015f yollar\u0131 bulman\u0131za yard\u0131mc\u0131 olur.<\/p><p class=\"whitespace-pre-wrap break-words\">Deneyimli bor\u00e7lu dan\u0131\u015fmanlar\u0131m\u0131z, mahkeme d\u0131\u015f\u0131 bir anla\u015fmaya varmak i\u00e7in alacakl\u0131lar\u0131n\u0131zla masaya oturur. Ustaca m\u00fczakerelerle genellikle k\u0131smi bor\u00e7 aff\u0131 ve taksit \u00f6demelerinin sizin i\u00e7in uygun bir seviyeye indirilmesini sa\u011flar\u0131z.<\/p><p class=\"whitespace-pre-wrap break-words\">Size \u00f6zel haz\u0131rlanm\u0131\u015f bir bor\u00e7 \u00f6deme plan\u0131yla finansal yeniden yap\u0131land\u0131rman\u0131z i\u00e7in temel olu\u015ftururuz. \u0130flas\u0131n dezavantajlar\u0131 olmadan, bor\u00e7suz bir gelece\u011fe giden yolda size ad\u0131m ad\u0131m e\u015flik ediyoruz. Deneyimimizden yararlan\u0131n ve finansal dengenizi nas\u0131l yeniden kurabilece\u011finiz konusunda dan\u0131\u015fmanl\u0131k al\u0131n.<\/p>\t\t\t\t\t\t\t\t<\/div>\n\t\t\t\t<\/div>\n\t\t\t\t<div class=\"elementor-element elementor-element-a712200 elementor-widget elementor-widget-heading\" data-id=\"a712200\" data-element_type=\"widget\" data-widget_type=\"heading.default\">\n\t\t\t\t<div class=\"elementor-widget-container\">\n\t\t\t\t\t<h3 class=\"elementor-heading-title elementor-size-default\">Kimlere yard\u0131m ediyoruz?<\/h3>\t\t\t\t<\/div>\n\t\t\t\t<\/div>\n\t\t\t\t<section class=\"elementor-section elementor-inner-section elementor-element elementor-element-e91e771 elementor-section-full_width elementor-section-height-default elementor-section-height-default\" data-id=\"e91e771\" data-element_type=\"section\">\n\t\t\t\t\t\t<div class=\"elementor-container elementor-column-gap-extended\">\n\t\t\t\t\t<div class=\"elementor-column elementor-col-50 elementor-inner-column elementor-element elementor-element-122c65b\" data-id=\"122c65b\" data-element_type=\"column\">\n\t\t\t<div class=\"elementor-widget-wrap elementor-element-populated\">\n\t\t\t\t\t\t<div class=\"elementor-element elementor-element-3c813a1 elementor-widget elementor-widget-heading\" data-id=\"3c813a1\" data-element_type=\"widget\" data-widget_type=\"heading.default\">\n\t\t\t\t<div class=\"elementor-widget-container\">\n\t\t\t\t\t<h4 class=\"elementor-heading-title elementor-size-default\">Bireyler<\/h4>\t\t\t\t<\/div>\n\t\t\t\t<\/div>\n\t\t\t\t<div class=\"elementor-element elementor-element-eb7de0d elementor-widget elementor-widget-text-editor\" data-id=\"eb7de0d\" data-element_type=\"widget\" data-widget_type=\"text-editor.default\">\n\t\t\t\t<div class=\"elementor-widget-container\">\n\t\t\t\t\t\t\t\t\t<p>Finansal durumunuzu tek ba\u015f\u0131n\u0131za d\u00fczenlemeye \u00e7al\u0131\u015ft\u0131n\u0131z ama profesyonel yard\u0131ma ihtiyac\u0131n\u0131z oldu\u011funu mu fark ettiniz? Amac\u0131m\u0131z, tek seferlik \u00f6deme veya uyarlanm\u0131\u015f taksit \u00f6demeleri teklif ederek iflas\u0131 \u00f6nlemektir. Size destek olmak i\u00e7in a\u015fa\u011f\u0131daki hizmetleri sunuyoruz:<\/p>\t\t\t\t\t\t\t\t<\/div>\n\t\t\t\t<\/div>\n\t\t\t\t<div class=\"elementor-element elementor-element-23ec738 elementor-widget elementor-widget-text-editor\" data-id=\"23ec738\" data-element_type=\"widget\" data-widget_type=\"text-editor.default\">\n\t\t\t\t<div class=\"elementor-widget-container\">\n\t\t\t\t\t\t\t\t\t<ul class=\"list-media\"><li><strong>Bor\u00e7 plan\u0131<\/strong><\/li><li><strong>Uzla\u015fma teklifleri<\/strong><\/li><li><strong>B\u00fct\u00e7e plan\u0131<\/strong><\/li><li><strong>Alacakl\u0131larla yo\u011fun g\u00f6r\u00fc\u015fmeler<\/strong><\/li><\/ul>\t\t\t\t\t\t\t\t<\/div>\n\t\t\t\t<\/div>\n\t\t\t\t\t<\/div>\n\t\t<\/div>\n\t\t\t\t<div class=\"elementor-column elementor-col-50 elementor-inner-column elementor-element elementor-element-e34cba3\" data-id=\"e34cba3\" data-element_type=\"column\">\n\t\t\t<div class=\"elementor-widget-wrap elementor-element-populated\">\n\t\t\t\t\t\t<div class=\"elementor-element elementor-element-6b5e432 elementor-widget elementor-widget-heading\" data-id=\"6b5e432\" data-element_type=\"widget\" data-widget_type=\"heading.default\">\n\t\t\t\t<div class=\"elementor-widget-container\">\n\t\t\t\t\t<h4 class=\"elementor-heading-title elementor-size-default\">\u0130\u015fletme Sahipleri<\/h4>\t\t\t\t<\/div>\n\t\t\t\t<\/div>\n\t\t\t\t<div class=\"elementor-element elementor-element-35f4e02 elementor-widget elementor-widget-text-editor\" data-id=\"35f4e02\" data-element_type=\"widget\" data-widget_type=\"text-editor.default\">\n\t\t\t\t<div class=\"elementor-widget-container\">\n\t\t\t\t\t\t\t\t\t<p>\u0130\u015fletmeniz zor bir durumda m\u0131?<br \/>Normal bir iflas\u0131 \u00f6nlemenin temel \u00f6n ko\u015fulu, i\u015fletme sahibinin yeniden yap\u0131land\u0131rmadan sonra i\u015fi s\u00fcrd\u00fcrme konusundaki mutlak iradesidir. \u0130rade varsa, size destek olmak i\u00e7in a\u015fa\u011f\u0131daki hizmetleri sunuyoruz:<\/p>\t\t\t\t\t\t\t\t<\/div>\n\t\t\t\t<\/div>\n\t\t\t\t<div class=\"elementor-element elementor-element-dc038c5 elementor-widget elementor-widget-text-editor\" data-id=\"dc038c5\" data-element_type=\"widget\" data-widget_type=\"text-editor.default\">\n\t\t\t\t<div class=\"elementor-widget-container\">\n\t\t\t\t\t\t\t\t\t<ul class=\"list-media\"><li><strong>Nakit ak\u0131\u015f plan\u0131 \/ \u0130\u015f plan\u0131<\/strong><\/li><li><strong>G\u00fc\u00e7l\u00fc ve zay\u0131f y\u00f6nler analizi<\/strong><\/li><li><strong>Genel organizasyon yard\u0131m\u0131<\/strong><\/li><li><strong>Muhasebe yard\u0131m\u0131<\/strong><\/li><li><strong>Bankalarla g\u00f6r\u00fc\u015fmeler<\/strong><\/li><li><strong>Alacakl\u0131larla g\u00f6r\u00fc\u015fmeler<\/strong><\/li><li><strong>Vergi dan\u0131\u015fman\u0131yla g\u00f6r\u00fc\u015fmeler<\/strong><\/li><\/ul>\t\t\t\t\t\t\t\t<\/div>\n\t\t\t\t<\/div>\n\t\t\t\t\t<\/div>\n\t\t<\/div>\n\t\t\t\t\t<\/div>\n\t\t<\/section>\n\t\t\t\t<section class=\"elementor-section elementor-inner-section elementor-element elementor-element-ce7cc23 elementor-section-full_width elementor-section-height-default elementor-section-height-default\" data-id=\"ce7cc23\" data-element_type=\"section\" data-settings=\"{&quot;background_background&quot;:&quot;classic&quot;}\">\n\t\t\t\t\t\t<div class=\"elementor-container elementor-column-gap-default\">\n\t\t\t\t\t<div class=\"elementor-column elementor-col-50 elementor-inner-column elementor-element elementor-element-e61a616\" data-id=\"e61a616\" data-element_type=\"column\">\n\t\t\t<div class=\"elementor-widget-wrap elementor-element-populated\">\n\t\t\t\t\t\t<div class=\"elementor-element elementor-element-4c16558 elementor-widget elementor-widget-heading\" data-id=\"4c16558\" data-element_type=\"widget\" data-widget_type=\"heading.default\">\n\t\t\t\t<div class=\"elementor-widget-container\">\n\t\t\t\t\t<h6 class=\"elementor-heading-title elementor-size-default\">RAHAT B\u0130R NEFES ALIN<\/h6>\t\t\t\t<\/div>\n\t\t\t\t<\/div>\n\t\t\t\t<div class=\"elementor-element elementor-element-65dee06 elementor-widget elementor-widget-heading\" data-id=\"65dee06\" data-element_type=\"widget\" data-widget_type=\"heading.default\">\n\t\t\t\t<div class=\"elementor-widget-container\">\n\t\t\t\t\t<h3 class=\"elementor-heading-title elementor-size-default\">BISS S\u0130ZE YARDIMCI OLAB\u0130L\u0130R<\/h3>\t\t\t\t<\/div>\n\t\t\t\t<\/div>\n\t\t\t\t\t<\/div>\n\t\t<\/div>\n\t\t\t\t<div class=\"elementor-column elementor-col-50 elementor-inner-column elementor-element elementor-element-abd3090\" data-id=\"abd3090\" data-element_type=\"column\">\n\t\t\t<div class=\"elementor-widget-wrap\">\n\t\t\t\t\t\t\t<\/div>\n\t\t<\/div>\n\t\t\t\t\t<\/div>\n\t\t<\/section>\n\t\t\t\t\t<\/div>\n\t\t<\/div>\n\t\t\t\t\t<\/div>\n\t\t<\/section>\n\t\t\t\t<section class=\"elementor-section elementor-top-section elementor-element elementor-element-3cf436f elementor-hidden-desktop elementor-section-boxed elementor-section-height-default elementor-section-height-default\" data-id=\"3cf436f\" data-element_type=\"section\">\n\t\t\t\t\t\t<div class=\"elementor-container elementor-column-gap-extended\">\n\t\t\t\t\t<div class=\"elementor-column elementor-col-100 elementor-top-column elementor-element elementor-element-230935e\" data-id=\"230935e\" data-element_type=\"column\">\n\t\t\t<div class=\"elementor-widget-wrap elementor-element-populated\">\n\t\t\t\t\t\t<div class=\"elementor-element elementor-element-08d331f elementor-widget elementor-widget-heading\" data-id=\"08d331f\" data-element_type=\"widget\" data-widget_type=\"heading.default\">\n\t\t\t\t<div class=\"elementor-widget-container\">\n\t\t\t\t\t<h3 class=\"elementor-heading-title elementor-size-default\">Finansal zorluklardas\u0131n\u0131z ama iflastan ka\u00e7\u0131nmak m\u0131 istiyorsunuz? <\/h3>\t\t\t\t<\/div>\n\t\t\t\t<\/div>\n\t\t\t\t<div class=\"elementor-element elementor-element-0fb24b4 elementor-widget elementor-widget-text-editor\" data-id=\"0fb24b4\" data-element_type=\"widget\" data-widget_type=\"text-editor.default\">\n\t\t\t\t<div class=\"elementor-widget-container\">\n\t\t\t\t\t\t\t\t\t<p class=\"whitespace-pre-wrap break-words\">BISS, iflas s\u00fcrecinden ge\u00e7mek zorunda kalmadan bor\u00e7 tuza\u011f\u0131ndan \u00e7\u0131k\u0131\u015f yollar\u0131 bulman\u0131za yard\u0131mc\u0131 olur.<\/p><p class=\"whitespace-pre-wrap break-words\">Deneyimli bor\u00e7lu dan\u0131\u015fmanlar\u0131m\u0131z, mahkeme d\u0131\u015f\u0131 bir anla\u015fmaya varmak i\u00e7in alacakl\u0131lar\u0131n\u0131zla masaya oturur. Ustaca m\u00fczakerelerle genellikle k\u0131smi bor\u00e7 aff\u0131 ve taksit \u00f6demelerinin sizin i\u00e7in uygun bir seviyeye indirilmesini sa\u011flar\u0131z.<\/p><p class=\"whitespace-pre-wrap break-words\">Size \u00f6zel haz\u0131rlanm\u0131\u015f bir bor\u00e7 \u00f6deme plan\u0131yla finansal yeniden yap\u0131land\u0131rman\u0131z i\u00e7in temel olu\u015ftururuz. \u0130flas\u0131n dezavantajlar\u0131 olmadan, bor\u00e7suz bir gelece\u011fe giden yolda size ad\u0131m ad\u0131m e\u015flik ediyoruz. Deneyimimizden yararlan\u0131n ve finansal dengenizi nas\u0131l yeniden kurabilece\u011finiz konusunda dan\u0131\u015fmanl\u0131k al\u0131n.<\/p>\t\t\t\t\t\t\t\t<\/div>\n\t\t\t\t<\/div>\n\t\t\t\t<div class=\"elementor-element elementor-element-2c3cdee elementor-widget elementor-widget-heading\" data-id=\"2c3cdee\" data-element_type=\"widget\" data-widget_type=\"heading.default\">\n\t\t\t\t<div class=\"elementor-widget-container\">\n\t\t\t\t\t<h3 class=\"elementor-heading-title elementor-size-default\">Kimlere yard\u0131m ediyoruz?<\/h3>\t\t\t\t<\/div>\n\t\t\t\t<\/div>\n\t\t\t\t<section class=\"elementor-section elementor-inner-section elementor-element elementor-element-3d41ebf elementor-section-full_width elementor-section-height-default elementor-section-height-default\" data-id=\"3d41ebf\" data-element_type=\"section\">\n\t\t\t\t\t\t<div class=\"elementor-container elementor-column-gap-extended\">\n\t\t\t\t\t<div class=\"elementor-column elementor-col-50 elementor-inner-column elementor-element elementor-element-a12070e\" data-id=\"a12070e\" data-element_type=\"column\">\n\t\t\t<div class=\"elementor-widget-wrap elementor-element-populated\">\n\t\t\t\t\t\t<div class=\"elementor-element elementor-element-6bcfbd5 elementor-widget elementor-widget-heading\" data-id=\"6bcfbd5\" data-element_type=\"widget\" data-widget_type=\"heading.default\">\n\t\t\t\t<div class=\"elementor-widget-container\">\n\t\t\t\t\t<h4 class=\"elementor-heading-title elementor-size-default\">Bireyler<\/h4>\t\t\t\t<\/div>\n\t\t\t\t<\/div>\n\t\t\t\t<div class=\"elementor-element elementor-element-3f3a2c7 elementor-widget elementor-widget-text-editor\" data-id=\"3f3a2c7\" data-element_type=\"widget\" data-widget_type=\"text-editor.default\">\n\t\t\t\t<div class=\"elementor-widget-container\">\n\t\t\t\t\t\t\t\t\t<p>Finansal durumunuzu tek ba\u015f\u0131n\u0131za d\u00fczenlemeye \u00e7al\u0131\u015ft\u0131n\u0131z ama profesyonel yard\u0131ma ihtiyac\u0131n\u0131z oldu\u011funu mu fark ettiniz? Amac\u0131m\u0131z, tek seferlik \u00f6deme veya uyarlanm\u0131\u015f taksit \u00f6demeleri teklif ederek iflas\u0131 \u00f6nlemektir. Size destek olmak i\u00e7in a\u015fa\u011f\u0131daki hizmetleri sunuyoruz:<\/p>\t\t\t\t\t\t\t\t<\/div>\n\t\t\t\t<\/div>\n\t\t\t\t<div class=\"elementor-element elementor-element-a8ab30a elementor-widget elementor-widget-text-editor\" data-id=\"a8ab30a\" data-element_type=\"widget\" data-widget_type=\"text-editor.default\">\n\t\t\t\t<div class=\"elementor-widget-container\">\n\t\t\t\t\t\t\t\t\t<ul class=\"list-media\"><li><strong>Bor\u00e7 plan\u0131<\/strong><\/li><li><strong>Uzla\u015fma teklifleri<\/strong><\/li><li><strong>B\u00fct\u00e7e plan\u0131<\/strong><\/li><li><strong>Alacakl\u0131larla yo\u011fun g\u00f6r\u00fc\u015fmeler<\/strong><\/li><\/ul>\t\t\t\t\t\t\t\t<\/div>\n\t\t\t\t<\/div>\n\t\t\t\t\t<\/div>\n\t\t<\/div>\n\t\t\t\t<div class=\"elementor-column elementor-col-50 elementor-inner-column elementor-element elementor-element-2e28dd1\" data-id=\"2e28dd1\" data-element_type=\"column\">\n\t\t\t<div class=\"elementor-widget-wrap elementor-element-populated\">\n\t\t\t\t\t\t<div class=\"elementor-element elementor-element-3b07970 elementor-widget elementor-widget-heading\" data-id=\"3b07970\" data-element_type=\"widget\" data-widget_type=\"heading.default\">\n\t\t\t\t<div class=\"elementor-widget-container\">\n\t\t\t\t\t<h4 class=\"elementor-heading-title elementor-size-default\">\u0130\u015fletme Sahipleri<\/h4>\t\t\t\t<\/div>\n\t\t\t\t<\/div>\n\t\t\t\t<div class=\"elementor-element elementor-element-a0c388c elementor-widget elementor-widget-text-editor\" data-id=\"a0c388c\" data-element_type=\"widget\" data-widget_type=\"text-editor.default\">\n\t\t\t\t<div class=\"elementor-widget-container\">\n\t\t\t\t\t\t\t\t\t<p>\u0130\u015fletmeniz zor bir durumda m\u0131?<br \/>Normal bir iflas\u0131 \u00f6nlemenin temel \u00f6n ko\u015fulu, i\u015fletme sahibinin yeniden yap\u0131land\u0131rmadan sonra i\u015fi s\u00fcrd\u00fcrme konusundaki mutlak iradesidir. \u0130rade varsa, size destek olmak i\u00e7in a\u015fa\u011f\u0131daki hizmetleri sunuyoruz:<\/p>\t\t\t\t\t\t\t\t<\/div>\n\t\t\t\t<\/div>\n\t\t\t\t<div class=\"elementor-element elementor-element-e568524 elementor-widget elementor-widget-text-editor\" data-id=\"e568524\" data-element_type=\"widget\" data-widget_type=\"text-editor.default\">\n\t\t\t\t<div class=\"elementor-widget-container\">\n\t\t\t\t\t\t\t\t\t<ul class=\"list-media\"><li><strong>Nakit ak\u0131\u015f plan\u0131 \/ \u0130\u015f plan\u0131<\/strong><\/li><li><strong>G\u00fc\u00e7l\u00fc ve zay\u0131f y\u00f6nler analizi<\/strong><\/li><li><strong>Genel organizasyon yard\u0131m\u0131<\/strong><\/li><li><strong>Muhasebe yard\u0131m\u0131<\/strong><\/li><li><strong>Bankalarla g\u00f6r\u00fc\u015fmeler<\/strong><\/li><li><strong>Alacakl\u0131larla g\u00f6r\u00fc\u015fmeler<\/strong><\/li><li><strong>Vergi dan\u0131\u015fman\u0131yla g\u00f6r\u00fc\u015fmeler<\/strong><\/li><\/ul>\t\t\t\t\t\t\t\t<\/div>\n\t\t\t\t<\/div>\n\t\t\t\t\t<\/div>\n\t\t<\/div>\n\t\t\t\t\t<\/div>\n\t\t<\/section>\n\t\t\t\t<section class=\"elementor-section elementor-inner-section elementor-element elementor-element-9c106cc elementor-section-full_width elementor-section-height-default elementor-section-height-default\" data-id=\"9c106cc\" data-element_type=\"section\" data-settings=\"{&quot;background_background&quot;:&quot;classic&quot;}\">\n\t\t\t\t\t\t<div class=\"elementor-container elementor-column-gap-default\">\n\t\t\t\t\t<div class=\"elementor-column elementor-col-50 elementor-inner-column elementor-element elementor-element-d9a6367\" data-id=\"d9a6367\" data-element_type=\"column\">\n\t\t\t<div class=\"elementor-widget-wrap elementor-element-populated\">\n\t\t\t\t\t\t<div class=\"elementor-element elementor-element-a406946 elementor-widget elementor-widget-heading\" data-id=\"a406946\" data-element_type=\"widget\" data-widget_type=\"heading.default\">\n\t\t\t\t<div class=\"elementor-widget-container\">\n\t\t\t\t\t<h6 class=\"elementor-heading-title elementor-size-default\">RAHAT B\u0130R NEFES ALIN<\/h6>\t\t\t\t<\/div>\n\t\t\t\t<\/div>\n\t\t\t\t<div class=\"elementor-element elementor-element-1548b67 elementor-widget elementor-widget-heading\" data-id=\"1548b67\" data-element_type=\"widget\" data-widget_type=\"heading.default\">\n\t\t\t\t<div class=\"elementor-widget-container\">\n\t\t\t\t\t<h3 class=\"elementor-heading-title elementor-size-default\">BISS S\u0130ZE YARDIMCI OLAB\u0130L\u0130R<\/h3>\t\t\t\t<\/div>\n\t\t\t\t<\/div>\n\t\t\t\t\t<\/div>\n\t\t<\/div>\n\t\t\t\t<div class=\"elementor-column elementor-col-50 elementor-inner-column elementor-element elementor-element-de1eefb\" data-id=\"de1eefb\" data-element_type=\"column\">\n\t\t\t<div class=\"elementor-widget-wrap\">\n\t\t\t\t\t\t\t<\/div>\n\t\t<\/div>\n\t\t\t\t\t<\/div>\n\t\t<\/section>\n\t\t\t\t\t<\/div>\n\t\t<\/div>\n\t\t\t\t\t<\/div>\n\t\t<\/section>\n\t\t\t\t<\/div>","protected":false},"excerpt":{"rendered":"<p>Service Verbraucherinsolvenz Pf\u00e4ndungsschutzkonto Regelinsolvenz JETZT KOSTENLOSEN TERMIN BUCHEN Wussten Sie &#8230; ? Wussten Sie, dass die aktuelle Pf\u00e4ndungsfreigrenze 1.499,99 \u20ac netto pro Monat f\u00fcr Alleinstehende betr\u00e4gt? Individuelle Erh\u00f6hungen sind m\u00f6glich. Ihr Einkommen unterhalb dieser Grenze ist vor Pf\u00e4ndungen gesch\u00fctzt. Sie stecken in finanziellen Schwierigkeiten, m\u00f6chten aber eine Insolvenz vermeiden? BISS hilft Ihnen, Wege aus der [&hellip;]<\/p>","protected":false},"author":1,"featured_media":0,"parent":0,"menu_order":0,"comment_status":"closed","ping_status":"closed","template":"","meta":{"footnotes":""},"class_list":["post-3362","page","type-page","status-publish","hentry"],"_links":{"self":[{"href":"https:\/\/schuldnerservice.de\/tr\/wp-json\/wp\/v2\/pages\/3362","targetHints":{"allow":["GET"]}}],"collection":[{"href":"https:\/\/schuldnerservice.de\/tr\/wp-json\/wp\/v2\/pages"}],"about":[{"href":"https:\/\/schuldnerservice.de\/tr\/wp-json\/wp\/v2\/types\/page"}],"author":[{"embeddable":true,"href":"https:\/\/schuldnerservice.de\/tr\/wp-json\/wp\/v2\/users\/1"}],"replies":[{"embeddable":true,"href":"https:\/\/schuldnerservice.de\/tr\/wp-json\/wp\/v2\/comments?post=3362"}],"version-history":[{"count":13,"href":"https:\/\/schuldnerservice.de\/tr\/wp-json\/wp\/v2\/pages\/3362\/revisions"}],"predecessor-version":[{"id":3925,"href":"https:\/\/schuldnerservice.de\/tr\/wp-json\/wp\/v2\/pages\/3362\/revisions\/3925"}],"wp:attachment":[{"href":"https:\/\/schuldnerservice.de\/tr\/wp-json\/wp\/v2\/media?parent=3362"}],"curies":[{"name":"wp","href":"https:\/\/api.w.org\/{rel}","templated":true}]}}