{"id":3009,"date":"2024-06-18T16:14:36","date_gmt":"2024-06-18T16:14:36","guid":{"rendered":"http:\/\/schuldnerservice.de\/?page_id=3009"},"modified":"2024-07-03T13:00:46","modified_gmt":"2024-07-03T13:00:46","slug":"pfaendungsschutzkonto","status":"publish","type":"page","link":"https:\/\/schuldnerservice.de\/tr\/pfaendungsschutzkonto\/","title":{"rendered":"HAC\u0130Z KORUMALI HESAP"},"content":{"rendered":"<div data-elementor-type=\"wp-page\" data-elementor-id=\"3009\" class=\"elementor elementor-3009\" data-elementor-post-type=\"page\">\n\t\t\t\t\t\t<section class=\"elementor-section elementor-top-section elementor-element elementor-element-2c774f8 elementor-hidden-tablet elementor-hidden-mobile elementor-section-boxed elementor-section-height-default elementor-section-height-default\" data-id=\"2c774f8\" data-element_type=\"section\">\n\t\t\t\t\t\t<div class=\"elementor-container elementor-column-gap-extended\">\n\t\t\t\t\t<div class=\"elementor-column elementor-col-50 elementor-top-column elementor-element elementor-element-6bc8536\" data-id=\"6bc8536\" data-element_type=\"column\">\n\t\t\t<div class=\"elementor-widget-wrap elementor-element-populated\">\n\t\t\t\t\t\t<div class=\"elementor-element elementor-element-ed430ae elementor-widget elementor-widget-heading\" data-id=\"ed430ae\" data-element_type=\"widget\" data-widget_type=\"heading.default\">\n\t\t\t\t<div class=\"elementor-widget-container\">\n\t\t\t\t\t<h5 class=\"elementor-heading-title elementor-size-default\">Service<\/h5>\t\t\t\t<\/div>\n\t\t\t\t<\/div>\n\t\t\t\t<div class=\"elementor-element elementor-element-343704f elementor-icon-list--layout-inline elementor-list-item-link-full_width elementor-widget elementor-widget-icon-list\" data-id=\"343704f\" data-element_type=\"widget\" data-widget_type=\"icon-list.default\">\n\t\t\t\t<div class=\"elementor-widget-container\">\n\t\t\t\t\t\t\t<ul class=\"elementor-icon-list-items elementor-inline-items\">\n\t\t\t\t\t\t\t<li class=\"elementor-icon-list-item elementor-inline-item\">\n\t\t\t\t\t\t\t\t\t\t\t<a href=\"http:\/\/schuldnerservice.de\/insolvenzvermeidung\/\">\n\n\t\t\t\t\t\t\t\t\t\t\t<span class=\"elementor-icon-list-text\">\u0130flastan Ka\u00e7\u0131nma<\/span>\n\t\t\t\t\t\t\t\t\t\t\t<\/a>\n\t\t\t\t\t\t\t\t\t<\/li>\n\t\t\t\t\t\t\t\t<li class=\"elementor-icon-list-item elementor-inline-item\">\n\t\t\t\t\t\t\t\t\t\t\t<a href=\"http:\/\/schuldnerservice.de\/verbraucherinsolvenz\/\">\n\n\t\t\t\t\t\t\t\t\t\t\t<span class=\"elementor-icon-list-text\">T\u00fcketici \u0130flas\u0131<\/span>\n\t\t\t\t\t\t\t\t\t\t\t<\/a>\n\t\t\t\t\t\t\t\t\t<\/li>\n\t\t\t\t\t\t\t\t<li class=\"elementor-icon-list-item elementor-inline-item\">\n\t\t\t\t\t\t\t\t\t\t\t<a href=\"http:\/\/schuldnerservice.de\/regelinsolvenz\/\">\n\n\t\t\t\t\t\t\t\t\t\t\t<span class=\"elementor-icon-list-text\">Normal \u0130flas<\/span>\n\t\t\t\t\t\t\t\t\t\t\t<\/a>\n\t\t\t\t\t\t\t\t\t<\/li>\n\t\t\t\t\t\t<\/ul>\n\t\t\t\t\t\t<\/div>\n\t\t\t\t<\/div>\n\t\t\t\t\t<\/div>\n\t\t<\/div>\n\t\t\t\t<div class=\"elementor-column elementor-col-50 elementor-top-column elementor-element elementor-element-904e2fa\" data-id=\"904e2fa\" data-element_type=\"column\">\n\t\t\t<div class=\"elementor-widget-wrap elementor-element-populated\">\n\t\t\t\t\t\t<div class=\"elementor-element elementor-element-3c3d54a elementor-widget elementor-widget-heading\" data-id=\"3c3d54a\" data-element_type=\"widget\" data-widget_type=\"heading.default\">\n\t\t\t\t<div class=\"elementor-widget-container\">\n\t\t\t\t\t<h3 class=\"elementor-heading-title elementor-size-default\">Gelirinizi Haciz Korumal\u0131 Hesap (P-Konto) ile Koruyun<\/h3>\t\t\t\t<\/div>\n\t\t\t\t<\/div>\n\t\t\t\t<div class=\"elementor-element elementor-element-dec0c01 elementor-widget elementor-widget-text-editor\" data-id=\"dec0c01\" data-element_type=\"widget\" data-widget_type=\"text-editor.default\">\n\t\t\t\t<div class=\"elementor-widget-container\">\n\t\t\t\t\t\t\t\t\t<p class=\"whitespace-pre-wrap break-words\">Bir Haciz Korumal\u0131 Hesap (P-Konto), mevcut 1.499,99 \u20ac temel muafiyet tutar\u0131n\u0131 (1 Haziran 2024'ten itibaren) ve \u00e7ocuk paras\u0131 gibi di\u011fer \u00f6demeleri hacizden koruma imkan\u0131 sunar. Temel muafiyet tutarl\u0131 bir P-Konto'yu do\u011frudan bankan\u0131zdan talep edebilirsiniz.<\/p><p class=\"whitespace-pre-wrap break-words\">Ancak, bakmakla y\u00fck\u00fcml\u00fc olunan ki\u015filer (e\u015f ve\/veya \u00e7ocuklar) i\u00e7in veya \u00e7ocuk paras\u0131, bak\u0131m paras\u0131 veya belirli sosyal yard\u0131mlar i\u00e7in daha y\u00fcksek muafiyet tutarlar\u0131 talep etmek istiyorsan\u0131z, P-Konto belgesi denilen bir belgeye ihtiyac\u0131n\u0131z olacakt\u0131r. Bu belgeyi bizden alabilirsiniz.<\/p><p class=\"whitespace-pre-wrap break-words\">Bir P-Konto'da hacizden korunabilecek ek \u00f6demeler hakk\u0131nda daha fazla bilgiyi web sitemizde bulabilirsiniz.<\/p>\t\t\t\t\t\t\t\t<\/div>\n\t\t\t\t<\/div>\n\t\t\t\t<div class=\"elementor-element elementor-element-a712200 elementor-widget elementor-widget-heading\" data-id=\"a712200\" data-element_type=\"widget\" data-widget_type=\"heading.default\">\n\t\t\t\t<div class=\"elementor-widget-container\">\n\t\t\t\t\t<h3 class=\"elementor-heading-title elementor-size-default\">Sizden a\u015fa\u011f\u0131daki belgeleri talep ediyoruz:<\/h3>\t\t\t\t<\/div>\n\t\t\t\t<\/div>\n\t\t\t\t<section class=\"elementor-section elementor-inner-section elementor-element elementor-element-e91e771 elementor-section-full_width elementor-section-height-default elementor-section-height-default\" data-id=\"e91e771\" data-element_type=\"section\">\n\t\t\t\t\t\t<div class=\"elementor-container elementor-column-gap-extended\">\n\t\t\t\t\t<div class=\"elementor-column elementor-col-100 elementor-inner-column elementor-element elementor-element-122c65b\" data-id=\"122c65b\" data-element_type=\"column\">\n\t\t\t<div class=\"elementor-widget-wrap elementor-element-populated\">\n\t\t\t\t\t\t<div class=\"elementor-element elementor-element-23ec738 elementor-widget elementor-widget-text-editor\" data-id=\"23ec738\" data-element_type=\"widget\" data-widget_type=\"text-editor.default\">\n\t\t\t\t<div class=\"elementor-widget-container\">\n\t\t\t\t\t\t\t\t\t<ul class=\"list-media\">\n<li>\n<strong>Kimlik kart\u0131 \/ Pasaport\n<\/strong>\n<\/li>\n\n<li>\n<strong>Banka hesap \u00f6zeti veya EC kart\u0131 \n<\/strong>\n<\/li>\n\n<li>\n<strong>\nVarsa \u00e7ocuklar\u0131n\u0131z\u0131n do\u011fum belgeleri\n<\/strong>\n<\/li>\n\n<li>\n<strong>Varsa evlilik c\u00fczdan\u0131\n<\/strong>\n<\/li>\n\n<li>\n<strong>Varsa \u00e7ocuk paras\u0131 onay belgesi \n<\/strong>\n<\/li>\n\n<\/ul>\t\t\t\t\t\t\t\t<\/div>\n\t\t\t\t<\/div>\n\t\t\t\t\t<\/div>\n\t\t<\/div>\n\t\t\t\t\t<\/div>\n\t\t<\/section>\n\t\t\t\t<section class=\"elementor-section elementor-inner-section elementor-element elementor-element-ce7cc23 elementor-section-full_width elementor-section-height-default elementor-section-height-default\" data-id=\"ce7cc23\" data-element_type=\"section\" data-settings=\"{&quot;background_background&quot;:&quot;classic&quot;}\">\n\t\t\t\t\t\t<div class=\"elementor-container elementor-column-gap-default\">\n\t\t\t\t\t<div class=\"elementor-column elementor-col-50 elementor-inner-column elementor-element elementor-element-e61a616\" data-id=\"e61a616\" data-element_type=\"column\">\n\t\t\t<div class=\"elementor-widget-wrap elementor-element-populated\">\n\t\t\t\t\t\t<div class=\"elementor-element elementor-element-4c16558 elementor-widget elementor-widget-heading\" data-id=\"4c16558\" data-element_type=\"widget\" data-widget_type=\"heading.default\">\n\t\t\t\t<div class=\"elementor-widget-container\">\n\t\t\t\t\t<h6 class=\"elementor-heading-title elementor-size-default\">RAHAT B\u0130R NEFES ALIN<\/h6>\t\t\t\t<\/div>\n\t\t\t\t<\/div>\n\t\t\t\t<div class=\"elementor-element elementor-element-65dee06 elementor-widget elementor-widget-heading\" data-id=\"65dee06\" data-element_type=\"widget\" data-widget_type=\"heading.default\">\n\t\t\t\t<div class=\"elementor-widget-container\">\n\t\t\t\t\t<h3 class=\"elementor-heading-title elementor-size-default\">BISS S\u0130ZE YARDIMCI OLAB\u0130L\u0130R<\/h3>\t\t\t\t<\/div>\n\t\t\t\t<\/div>\n\t\t\t\t\t<\/div>\n\t\t<\/div>\n\t\t\t\t<div class=\"elementor-column elementor-col-50 elementor-inner-column elementor-element elementor-element-abd3090\" data-id=\"abd3090\" data-element_type=\"column\">\n\t\t\t<div class=\"elementor-widget-wrap\">\n\t\t\t\t\t\t\t<\/div>\n\t\t<\/div>\n\t\t\t\t\t<\/div>\n\t\t<\/section>\n\t\t\t\t\t<\/div>\n\t\t<\/div>\n\t\t\t\t\t<\/div>\n\t\t<\/section>\n\t\t\t\t<section class=\"elementor-section elementor-top-section elementor-element elementor-element-7e43ec7 elementor-hidden-desktop elementor-hidden-mobile elementor-section-boxed elementor-section-height-default elementor-section-height-default\" data-id=\"7e43ec7\" data-element_type=\"section\">\n\t\t\t\t\t\t<div class=\"elementor-container elementor-column-gap-extended\">\n\t\t\t\t\t<div class=\"elementor-column elementor-col-100 elementor-top-column elementor-element elementor-element-ab6f8ae\" data-id=\"ab6f8ae\" data-element_type=\"column\">\n\t\t\t<div class=\"elementor-widget-wrap elementor-element-populated\">\n\t\t\t\t\t\t<div class=\"elementor-element elementor-element-d834964 elementor-widget elementor-widget-heading\" data-id=\"d834964\" data-element_type=\"widget\" data-widget_type=\"heading.default\">\n\t\t\t\t<div class=\"elementor-widget-container\">\n\t\t\t\t\t<h3 class=\"elementor-heading-title elementor-size-default\">Gelirinizi Haciz Korumal\u0131 Hesap (P-Konto) ile Koruyun<\/h3>\t\t\t\t<\/div>\n\t\t\t\t<\/div>\n\t\t\t\t<div class=\"elementor-element elementor-element-990a4a8 elementor-widget elementor-widget-text-editor\" data-id=\"990a4a8\" data-element_type=\"widget\" data-widget_type=\"text-editor.default\">\n\t\t\t\t<div class=\"elementor-widget-container\">\n\t\t\t\t\t\t\t\t\t<p class=\"whitespace-pre-wrap break-words\">Bir Haciz Korumal\u0131 Hesap (P-Konto), mevcut 1.499,99 \u20ac temel muafiyet tutar\u0131n\u0131 (1 Haziran 2024'ten itibaren) ve \u00e7ocuk paras\u0131 gibi di\u011fer \u00f6demeleri hacizden koruma imkan\u0131 sunar. Temel muafiyet tutarl\u0131 bir P-Konto'yu do\u011frudan bankan\u0131zdan talep edebilirsiniz.<\/p><p class=\"whitespace-pre-wrap break-words\">Ancak, bakmakla y\u00fck\u00fcml\u00fc olunan ki\u015filer (e\u015f ve\/veya \u00e7ocuklar) i\u00e7in veya \u00e7ocuk paras\u0131, bak\u0131m paras\u0131 veya belirli sosyal yard\u0131mlar i\u00e7in daha y\u00fcksek muafiyet tutarlar\u0131 talep etmek istiyorsan\u0131z, P-Konto belgesi denilen bir belgeye ihtiyac\u0131n\u0131z olacakt\u0131r. Bu belgeyi bizden alabilirsiniz.<\/p><p class=\"whitespace-pre-wrap break-words\">Bir P-Konto'da hacizden korunabilecek ek \u00f6demeler hakk\u0131nda daha fazla bilgiyi web sitemizde bulabilirsiniz.<\/p>\t\t\t\t\t\t\t\t<\/div>\n\t\t\t\t<\/div>\n\t\t\t\t<div class=\"elementor-element elementor-element-da0d1ef elementor-widget elementor-widget-heading\" data-id=\"da0d1ef\" data-element_type=\"widget\" data-widget_type=\"heading.default\">\n\t\t\t\t<div class=\"elementor-widget-container\">\n\t\t\t\t\t<h3 class=\"elementor-heading-title elementor-size-default\">Wir ben\u00f6tige folgende<\/br> Unterlagen von Ihnen:<\/h3>\t\t\t\t<\/div>\n\t\t\t\t<\/div>\n\t\t\t\t<section class=\"elementor-section elementor-inner-section elementor-element elementor-element-87cbce5 elementor-section-full_width elementor-section-height-default elementor-section-height-default\" data-id=\"87cbce5\" data-element_type=\"section\">\n\t\t\t\t\t\t<div class=\"elementor-container elementor-column-gap-extended\">\n\t\t\t\t\t<div class=\"elementor-column elementor-col-100 elementor-inner-column elementor-element elementor-element-1f414f9\" data-id=\"1f414f9\" data-element_type=\"column\">\n\t\t\t<div class=\"elementor-widget-wrap elementor-element-populated\">\n\t\t\t\t\t\t<div class=\"elementor-element elementor-element-ab38562 elementor-widget elementor-widget-text-editor\" data-id=\"ab38562\" data-element_type=\"widget\" data-widget_type=\"text-editor.default\">\n\t\t\t\t<div class=\"elementor-widget-container\">\n\t\t\t\t\t\t\t\t\t<ul class=\"list-media\">\n<li>\n<strong>Kimlik kart\u0131 \/ Pasaport\n<\/strong>\n<\/li>\n\n<li>\n<strong>Banka hesap \u00f6zeti veya EC kart\u0131 \n<\/strong>\n<\/li>\n\n<li>\n<strong>\nVarsa \u00e7ocuklar\u0131n\u0131z\u0131n do\u011fum belgeleri\n<\/strong>\n<\/li>\n\n<li>\n<strong>Varsa evlilik c\u00fczdan\u0131\n<\/strong>\n<\/li>\n\n<li>\n<strong>Varsa \u00e7ocuk paras\u0131 onay belgesi \n<\/strong>\n<\/li>\n\n<\/ul>\t\t\t\t\t\t\t\t<\/div>\n\t\t\t\t<\/div>\n\t\t\t\t\t<\/div>\n\t\t<\/div>\n\t\t\t\t\t<\/div>\n\t\t<\/section>\n\t\t\t\t<section class=\"elementor-section elementor-inner-section elementor-element elementor-element-47defbc elementor-section-full_width elementor-section-height-default elementor-section-height-default\" data-id=\"47defbc\" data-element_type=\"section\" data-settings=\"{&quot;background_background&quot;:&quot;classic&quot;}\">\n\t\t\t\t\t\t<div class=\"elementor-container elementor-column-gap-default\">\n\t\t\t\t\t<div class=\"elementor-column elementor-col-50 elementor-inner-column elementor-element elementor-element-ab4c3f4\" data-id=\"ab4c3f4\" data-element_type=\"column\">\n\t\t\t<div class=\"elementor-widget-wrap elementor-element-populated\">\n\t\t\t\t\t\t<div class=\"elementor-element elementor-element-4e1e4d3 elementor-widget elementor-widget-heading\" data-id=\"4e1e4d3\" data-element_type=\"widget\" data-widget_type=\"heading.default\">\n\t\t\t\t<div class=\"elementor-widget-container\">\n\t\t\t\t\t<h6 class=\"elementor-heading-title elementor-size-default\">RAHAT B\u0130R NEFES ALIN<\/h6>\t\t\t\t<\/div>\n\t\t\t\t<\/div>\n\t\t\t\t<div class=\"elementor-element elementor-element-ca4d046 elementor-widget elementor-widget-heading\" data-id=\"ca4d046\" data-element_type=\"widget\" data-widget_type=\"heading.default\">\n\t\t\t\t<div class=\"elementor-widget-container\">\n\t\t\t\t\t<h3 class=\"elementor-heading-title elementor-size-default\">BISS S\u0130ZE YARDIMCI OLAB\u0130L\u0130R<\/h3>\t\t\t\t<\/div>\n\t\t\t\t<\/div>\n\t\t\t\t\t<\/div>\n\t\t<\/div>\n\t\t\t\t<div class=\"elementor-column elementor-col-50 elementor-inner-column elementor-element elementor-element-e592dbb\" data-id=\"e592dbb\" data-element_type=\"column\">\n\t\t\t<div class=\"elementor-widget-wrap\">\n\t\t\t\t\t\t\t<\/div>\n\t\t<\/div>\n\t\t\t\t\t<\/div>\n\t\t<\/section>\n\t\t\t\t\t<\/div>\n\t\t<\/div>\n\t\t\t\t\t<\/div>\n\t\t<\/section>\n\t\t\t\t<section class=\"elementor-section elementor-top-section elementor-element elementor-element-1366bad elementor-hidden-desktop elementor-hidden-tablet elementor-section-boxed elementor-section-height-default elementor-section-height-default\" data-id=\"1366bad\" data-element_type=\"section\">\n\t\t\t\t\t\t<div class=\"elementor-container elementor-column-gap-extended\">\n\t\t\t\t\t<div class=\"elementor-column elementor-col-100 elementor-top-column elementor-element elementor-element-876d3b2\" data-id=\"876d3b2\" data-element_type=\"column\">\n\t\t\t<div class=\"elementor-widget-wrap elementor-element-populated\">\n\t\t\t\t\t\t<div class=\"elementor-element elementor-element-07f6e2d elementor-widget elementor-widget-heading\" data-id=\"07f6e2d\" data-element_type=\"widget\" data-widget_type=\"heading.default\">\n\t\t\t\t<div class=\"elementor-widget-container\">\n\t\t\t\t\t<h3 class=\"elementor-heading-title elementor-size-default\">Sch\u00fctzen Sie Ihr Einkommen mit einem Pf\u00e4ndungsschutzkonto <\/br>(P-Konto)<\/h3>\t\t\t\t<\/div>\n\t\t\t\t<\/div>\n\t\t\t\t<div class=\"elementor-element elementor-element-fe69e0b elementor-widget elementor-widget-text-editor\" data-id=\"fe69e0b\" data-element_type=\"widget\" data-widget_type=\"text-editor.default\">\n\t\t\t\t<div class=\"elementor-widget-container\">\n\t\t\t\t\t\t\t\t\t<p class=\"whitespace-pre-wrap break-words\">Bir Haciz Korumal\u0131 Hesap (P-Konto), mevcut 1.499,99 \u20ac temel muafiyet tutar\u0131n\u0131 (1 Haziran 2024'ten itibaren) ve \u00e7ocuk paras\u0131 gibi di\u011fer \u00f6demeleri hacizden koruma imkan\u0131 sunar. Temel muafiyet tutarl\u0131 bir P-Konto'yu do\u011frudan bankan\u0131zdan talep edebilirsiniz.<\/p><p class=\"whitespace-pre-wrap break-words\">Ancak, bakmakla y\u00fck\u00fcml\u00fc olunan ki\u015filer (e\u015f ve\/veya \u00e7ocuklar) i\u00e7in veya \u00e7ocuk paras\u0131, bak\u0131m paras\u0131 veya belirli sosyal yard\u0131mlar i\u00e7in daha y\u00fcksek muafiyet tutarlar\u0131 talep etmek istiyorsan\u0131z, P-Konto belgesi denilen bir belgeye ihtiyac\u0131n\u0131z olacakt\u0131r. Bu belgeyi bizden alabilirsiniz.<\/p><p class=\"whitespace-pre-wrap break-words\">Bir P-Konto'da hacizden korunabilecek ek \u00f6demeler hakk\u0131nda daha fazla bilgiyi web sitemizde bulabilirsiniz.<\/p>\t\t\t\t\t\t\t\t<\/div>\n\t\t\t\t<\/div>\n\t\t\t\t<div class=\"elementor-element elementor-element-a798d4b elementor-widget elementor-widget-heading\" data-id=\"a798d4b\" data-element_type=\"widget\" data-widget_type=\"heading.default\">\n\t\t\t\t<div class=\"elementor-widget-container\">\n\t\t\t\t\t<h3 class=\"elementor-heading-title elementor-size-default\">Wir ben\u00f6tige folgende<\/br> Unterlagen von Ihnen:<\/h3>\t\t\t\t<\/div>\n\t\t\t\t<\/div>\n\t\t\t\t<section class=\"elementor-section elementor-inner-section elementor-element elementor-element-1411d17 elementor-section-full_width elementor-section-height-default elementor-section-height-default\" data-id=\"1411d17\" data-element_type=\"section\">\n\t\t\t\t\t\t<div class=\"elementor-container elementor-column-gap-extended\">\n\t\t\t\t\t<div class=\"elementor-column elementor-col-100 elementor-inner-column elementor-element elementor-element-1a7d3c7\" data-id=\"1a7d3c7\" data-element_type=\"column\">\n\t\t\t<div class=\"elementor-widget-wrap elementor-element-populated\">\n\t\t\t\t\t\t<div class=\"elementor-element elementor-element-43c99f2 elementor-widget elementor-widget-text-editor\" data-id=\"43c99f2\" data-element_type=\"widget\" data-widget_type=\"text-editor.default\">\n\t\t\t\t<div class=\"elementor-widget-container\">\n\t\t\t\t\t\t\t\t\t<ul class=\"list-media\">\n<li>\n<strong>Kimlik kart\u0131 \/ Pasaport\n<\/strong>\n<\/li>\n\n<li>\n<strong>Banka hesap \u00f6zeti veya EC kart\u0131 \n<\/strong>\n<\/li>\n\n<li>\n<strong>\nVarsa \u00e7ocuklar\u0131n\u0131z\u0131n do\u011fum belgeleri\n<\/strong>\n<\/li>\n\n<li>\n<strong>Varsa evlilik c\u00fczdan\u0131\n<\/strong>\n<\/li>\n\n<li>\n<strong>Varsa \u00e7ocuk paras\u0131 onay belgesi \n<\/strong>\n<\/li>\n\n<\/ul>\t\t\t\t\t\t\t\t<\/div>\n\t\t\t\t<\/div>\n\t\t\t\t\t<\/div>\n\t\t<\/div>\n\t\t\t\t\t<\/div>\n\t\t<\/section>\n\t\t\t\t<section class=\"elementor-section elementor-inner-section elementor-element elementor-element-694d4c7 elementor-section-full_width elementor-section-height-default elementor-section-height-default\" data-id=\"694d4c7\" data-element_type=\"section\" data-settings=\"{&quot;background_background&quot;:&quot;classic&quot;}\">\n\t\t\t\t\t\t<div class=\"elementor-container elementor-column-gap-default\">\n\t\t\t\t\t<div class=\"elementor-column elementor-col-50 elementor-inner-column elementor-element elementor-element-c0367d0\" data-id=\"c0367d0\" data-element_type=\"column\">\n\t\t\t<div class=\"elementor-widget-wrap elementor-element-populated\">\n\t\t\t\t\t\t<div class=\"elementor-element elementor-element-1e518d9 elementor-widget elementor-widget-heading\" data-id=\"1e518d9\" data-element_type=\"widget\" data-widget_type=\"heading.default\">\n\t\t\t\t<div class=\"elementor-widget-container\">\n\t\t\t\t\t<h6 class=\"elementor-heading-title elementor-size-default\">RAHAT B\u0130R NEFES ALIN<\/h6>\t\t\t\t<\/div>\n\t\t\t\t<\/div>\n\t\t\t\t<div class=\"elementor-element elementor-element-e0bf3b3 elementor-widget elementor-widget-heading\" data-id=\"e0bf3b3\" data-element_type=\"widget\" data-widget_type=\"heading.default\">\n\t\t\t\t<div class=\"elementor-widget-container\">\n\t\t\t\t\t<h3 class=\"elementor-heading-title elementor-size-default\">BISS S\u0130ZE YARDIMCI OLAB\u0130L\u0130R<\/h3>\t\t\t\t<\/div>\n\t\t\t\t<\/div>\n\t\t\t\t\t<\/div>\n\t\t<\/div>\n\t\t\t\t<div class=\"elementor-column elementor-col-50 elementor-inner-column elementor-element elementor-element-6b32e9f\" data-id=\"6b32e9f\" data-element_type=\"column\">\n\t\t\t<div class=\"elementor-widget-wrap\">\n\t\t\t\t\t\t\t<\/div>\n\t\t<\/div>\n\t\t\t\t\t<\/div>\n\t\t<\/section>\n\t\t\t\t\t<\/div>\n\t\t<\/div>\n\t\t\t\t\t<\/div>\n\t\t<\/section>\n\t\t\t\t<\/div>","protected":false},"excerpt":{"rendered":"<p>Service Insolvenzvermeidung Verbraucherinsolvenz Regelinsolvenz JETZT KOSTENLOSEN TERMIN BUCHEN Sch\u00fctzen Sie Ihr Einkommen mit einem Pf\u00e4ndungsschutzkonto (P-Konto) Ein Pf\u00e4ndungsschutzkonto (P-Konto) bietet Ihnen die M\u00f6glichkeit, den aktuellen Grundfreibetrag von 1.499,99 \u20ac (ab dem 01.juni 2024) sowie weitere Zahlungen, wie beispielsweise Kindergeld, vor Pf\u00e4ndungen zu sch\u00fctzen. Die Einrichtung eines P-Kontos mit dem Grundfreibetrag k\u00f6nnen Sie direkt bei Ihrer [&hellip;]<\/p>","protected":false},"author":1,"featured_media":0,"parent":0,"menu_order":0,"comment_status":"closed","ping_status":"closed","template":"","meta":{"footnotes":""},"class_list":["post-3009","page","type-page","status-publish","hentry"],"_links":{"self":[{"href":"https:\/\/schuldnerservice.de\/tr\/wp-json\/wp\/v2\/pages\/3009","targetHints":{"allow":["GET"]}}],"collection":[{"href":"https:\/\/schuldnerservice.de\/tr\/wp-json\/wp\/v2\/pages"}],"about":[{"href":"https:\/\/schuldnerservice.de\/tr\/wp-json\/wp\/v2\/types\/page"}],"author":[{"embeddable":true,"href":"https:\/\/schuldnerservice.de\/tr\/wp-json\/wp\/v2\/users\/1"}],"replies":[{"embeddable":true,"href":"https:\/\/schuldnerservice.de\/tr\/wp-json\/wp\/v2\/comments?post=3009"}],"version-history":[{"count":47,"href":"https:\/\/schuldnerservice.de\/tr\/wp-json\/wp\/v2\/pages\/3009\/revisions"}],"predecessor-version":[{"id":3946,"href":"https:\/\/schuldnerservice.de\/tr\/wp-json\/wp\/v2\/pages\/3009\/revisions\/3946"}],"wp:attachment":[{"href":"https:\/\/schuldnerservice.de\/tr\/wp-json\/wp\/v2\/media?parent=3009"}],"curies":[{"name":"wp","href":"https:\/\/api.w.org\/{rel}","templated":true}]}}