{"id":2756,"date":"2024-06-08T23:42:47","date_gmt":"2024-06-08T23:42:47","guid":{"rendered":"http:\/\/schuldnerservice.de\/?page_id=2756"},"modified":"2024-06-27T15:29:49","modified_gmt":"2024-06-27T15:29:49","slug":"impressum","status":"publish","type":"page","link":"https:\/\/schuldnerservice.de\/tr\/impressum\/","title":{"rendered":"IMPRESSUM"},"content":{"rendered":"<div data-elementor-type=\"wp-page\" data-elementor-id=\"2756\" class=\"elementor elementor-2756\" data-elementor-post-type=\"page\">\n\t\t\t\t\t\t<section class=\"elementor-section elementor-top-section elementor-element elementor-element-317e6d4 elementor-reverse-tablet elementor-reverse-mobile elementor-section-boxed elementor-section-height-default elementor-section-height-default\" data-id=\"317e6d4\" data-element_type=\"section\">\n\t\t\t\t\t\t<div class=\"elementor-container elementor-column-gap-extended\">\n\t\t\t\t\t<div class=\"elementor-column elementor-col-100 elementor-top-column elementor-element elementor-element-efbeefb\" data-id=\"efbeefb\" data-element_type=\"column\">\n\t\t\t<div class=\"elementor-widget-wrap elementor-element-populated\">\n\t\t\t\t\t\t<div class=\"elementor-element elementor-element-d516166 elementor-widget elementor-widget-heading\" data-id=\"d516166\" data-element_type=\"widget\" data-widget_type=\"heading.default\">\n\t\t\t\t<div class=\"elementor-widget-container\">\n\t\t\t\t\t<h3 class=\"elementor-heading-title elementor-size-default\">K\u00fcnye<\/h3>\t\t\t\t<\/div>\n\t\t\t\t<\/div>\n\t\t\t\t<div class=\"elementor-element elementor-element-617c29f elementor-widget elementor-widget-text-editor\" data-id=\"617c29f\" data-element_type=\"widget\" data-widget_type=\"text-editor.default\">\n\t\t\t\t<div class=\"elementor-widget-container\">\n\t\t\t\t\t\t\t\t\t<p>Rechtsanwalt Achim T. Schuler<br \/>BISS \u2013 B\u00fcro f\u00fcr Insolvenz- und Schuldner-Service<br \/>Esslinger-Str. 7<br \/>70771 Leinfelden-Echterdingen<br \/>Deutschland<\/p><p>Telefon: 07 11 79 47 28 &#8211; 10<br \/>Fax:07 11 79 47 28 &#8211; 15<\/p><p>hilfe@schuldnerservice.de<br \/>https:\/\/www.biss-schuldnerservice.de<br \/>https:\/\/www.schuldnerservice.de<\/p><p><strong>Inhaltlich verantwortlich<\/strong><br \/>Mert Sefer, Esslinger-Str. 7, 70771 Leinfelden-Echterdingen<\/p><h4>Berufshaftpflichtversicherung<\/h4><p>Allianz Versicherungs-AG, Uhlandstra\u00dfe 2, 70182 Stuttgart<br \/>R\u00e4umlicher Geltungsbereich: Bundesrepublik Deutschland<\/p><p>Zust\u00e4ndige Kammer: Rechtsanwaltskammer Stuttgart, K\u00f6nigstra\u00dfe 14, 70173 Stuttgart<\/p><h4>Berufsbezeichnung:<\/h4><p>Rechtsanwalt\/Rechtsanw\u00e4ltin (verliehen in der Bundesrepublik Deutschland)<\/p><h4>Berufsrechtliche Regelungen:<\/h4><p>&#8211; Bundesrechtsanwaltsordnung (BRAO)<br \/>&#8211; Berufsordnung f\u00fcr Rechtsanw\u00e4lte (BORA)<br \/>&#8211; Fachanwaltsordnung (FAO)<br \/>&#8211; Rechtsanwaltsverg\u00fctungsgesetz (RVG)<br \/>&#8211; Berufsregelungen der Rechtsanw\u00e4lte der Europ\u00e4ischen Union<br \/>Die Regelungen k\u00f6nnen bei der Bundesrechtsanwaltskammer unter www.brak.de eingesehen werden.<\/p><h4>Verbraucherinformation<\/h4><p>Information nach dem Verbraucherstreitbeilegungsgesetz: Es besteht keine Verpflichtung und keine Bereitschaft zur Teilnahme an einem Streitbeilegungsverfahren vor einer Verbraucherschlichtungsstelle.<\/p><p>Eine au\u00dfergerichtliche Streitschlichtung kann auch bei der \u00f6rtlichen Anwaltskammer, K\u00f6nigstra\u00dfe 14, 70173 Stuttgart, in Anspruch genommen werden.<\/p><p>Ombudsmann \u00fcber: Bundesrechtsanwaltskammer, Littenstra\u00dfe 9, 10179 Berlin<\/p><h4>Fotonachweis<\/h4><p>\u00a9 Freepik<\/p><h4>Haftungsausschluss<\/h4><p>Haftung f\u00fcr Inhalte<br \/>Als Diensteanbieter sind wir gem\u00e4\u00df \u00a7 7 Abs.1 TMG f\u00fcr eigene Inhalte auf diesen Seiten nach den allgemeinen Gesetzen verantwortlich. Nach \u00a7\u00a7 8 bis 10 TMG sind wir als Diensteanbieter jedoch nicht verpflichtet, \u00fcbermittelte oder gespeicherte fremde Informationen zu \u00fcberwachen oder nach Umst\u00e4nden zu forschen, die auf eine rechtswidrige T\u00e4tigkeit hinweisen. Verpflichtungen zur Entfernung oder Sperrung der Nutzung von Informationen nach den allgemeinen Gesetzen bleiben hiervon unber\u00fchrt. Eine diesbez\u00fcgliche Haftung ist jedoch erst ab dem Zeitpunkt der Kenntnis einer konkreten Rechtsverletzung m\u00f6glich. Bei Bekanntwerden von entsprechenden Rechtsverletzungen werden wir diese Inhalte umgehend entfernen.<\/p><p>Haftung f\u00fcr Links<br \/>Unser Angebot enth\u00e4lt Links zu externen Webseiten Dritter, auf deren Inhalte wir keinen Einfluss haben. Deshalb k\u00f6nnen wir f\u00fcr diese fremden Inhalte auch keine Gew\u00e4hr \u00fcbernehmen. F\u00fcr die Inhalte der verlinkten Seiten ist stets der jeweilige Anbieter oder Betreiber der Seiten verantwortlich. Die verlinkten Seiten wurden zum Zeitpunkt der Verlinkung auf m\u00f6gliche Rechtsverst\u00f6\u00dfe \u00fcberpr\u00fcft. Rechtswidrige Inhalte waren zum Zeitpunkt der Verlinkung nicht erkennbar. Eine permanente inhaltliche Kontrolle der verlinkten Seiten ist jedoch ohne konkrete Anhaltspunkte einer Rechtsverletzung nicht zumutbar. Bei Bekanntwerden von Rechtsverletzungen werden wir derartige Links umgehend entfernen.<\/p><p>\u00a0<\/p><p>Urheberrecht<br \/>Die durch die Seitenbetreiber erstellten Inhalte und Werke auf diesen Seiten unterliegen dem deutschen Urheberrecht. Die Vervielf\u00e4ltigung, Bearbeitung, Verbreitung und jede Art der Verwertung au\u00dferhalb der Grenzen des Urheberrechtes bed\u00fcrfen der schriftlichen Zustimmung des jeweiligen Autors bzw. Erstellers. Downloads und Kopien dieser Seite sind nur f\u00fcr den privaten, nicht kommerziellen Gebrauch gestattet. Soweit die Inhalte auf dieser Seite nicht vom Betreiber erstellt wurden, werden die Urheberrechte Dritter beachtet. Insbesondere werden Inhalte Dritter als solche gekennzeichnet. Sollten Sie trotzdem auf eine Urheberrechtsverletzung aufmerksam werden, bitten wir um einen entsprechenden Hinweis. Bei Bekanntwerden von Rechtsverletzungen werden wir derartige Inhalte umgehend entfernen.<\/p><p>Quellen:\u00a0Disclaimer\u00a0von eRecht24, dem Portal zum Internetrecht von Rechtsanwalt S\u00f6ren Siebert<\/p><p>\u00a0<\/p>\t\t\t\t\t\t\t\t<\/div>\n\t\t\t\t<\/div>\n\t\t\t\t\t<\/div>\n\t\t<\/div>\n\t\t\t\t\t<\/div>\n\t\t<\/section>\n\t\t\t\t<\/div>","protected":false},"excerpt":{"rendered":"<p>Impressum Rechtsanwalt Achim T. SchulerBISS \u2013 B\u00fcro f\u00fcr Insolvenz- und Schuldner-ServiceEsslinger-Str. 770771 Leinfelden-EchterdingenDeutschland Telefon: 07 11 79 47 28 &#8211; 10Fax:07 11 79 47 28 &#8211; 15 hilfe@schuldnerservice.dehttps:\/\/www.biss-schuldnerservice.dehttps:\/\/www.schuldnerservice.de Inhaltlich verantwortlichMert Sefer, Esslinger-Str. 7, 70771 Leinfelden-Echterdingen Berufshaftpflichtversicherung Allianz Versicherungs-AG, Uhlandstra\u00dfe 2, 70182 StuttgartR\u00e4umlicher Geltungsbereich: Bundesrepublik Deutschland Zust\u00e4ndige Kammer: Rechtsanwaltskammer Stuttgart, K\u00f6nigstra\u00dfe 14, 70173 Stuttgart Berufsbezeichnung: Rechtsanwalt\/Rechtsanw\u00e4ltin [&hellip;]<\/p>","protected":false},"author":1,"featured_media":0,"parent":0,"menu_order":0,"comment_status":"closed","ping_status":"closed","template":"","meta":{"footnotes":""},"class_list":["post-2756","page","type-page","status-publish","hentry"],"_links":{"self":[{"href":"https:\/\/schuldnerservice.de\/tr\/wp-json\/wp\/v2\/pages\/2756","targetHints":{"allow":["GET"]}}],"collection":[{"href":"https:\/\/schuldnerservice.de\/tr\/wp-json\/wp\/v2\/pages"}],"about":[{"href":"https:\/\/schuldnerservice.de\/tr\/wp-json\/wp\/v2\/types\/page"}],"author":[{"embeddable":true,"href":"https:\/\/schuldnerservice.de\/tr\/wp-json\/wp\/v2\/users\/1"}],"replies":[{"embeddable":true,"href":"https:\/\/schuldnerservice.de\/tr\/wp-json\/wp\/v2\/comments?post=2756"}],"version-history":[{"count":62,"href":"https:\/\/schuldnerservice.de\/tr\/wp-json\/wp\/v2\/pages\/2756\/revisions"}],"predecessor-version":[{"id":3847,"href":"https:\/\/schuldnerservice.de\/tr\/wp-json\/wp\/v2\/pages\/2756\/revisions\/3847"}],"wp:attachment":[{"href":"https:\/\/schuldnerservice.de\/tr\/wp-json\/wp\/v2\/media?parent=2756"}],"curies":[{"name":"wp","href":"https:\/\/api.w.org\/{rel}","templated":true}]}}